{"id":102,"date":"2021-05-18T12:16:17","date_gmt":"2021-05-18T10:16:17","guid":{"rendered":"https:\/\/www.polaris.autoservisadamik.cz\/subdom\/polaris\/?page_id=102"},"modified":"2021-05-18T12:16:18","modified_gmt":"2021-05-18T10:16:18","slug":"o-nas","status":"publish","type":"page","link":"https:\/\/www.polarisotrokovice.cz\/cms\/o-nas\/","title":{"rendered":"O n\u00e1s"},"content":{"rendered":"<p>[et_pb_section fb_built=&#8221;1&#8243; _builder_version=&#8221;4.9.4&#8243; _module_preset=&#8221;default&#8221;][et_pb_row _builder_version=&#8221;4.9.4&#8243; _module_preset=&#8221;default&#8221;][et_pb_column _builder_version=&#8221;4.9.4&#8243; _module_preset=&#8221;default&#8221; type=&#8221;4_4&#8243;][\/et_pb_column][\/et_pb_row][\/et_pb_section][et_pb_section fb_built=&#8221;1&#8243; fullwidth=&#8221;on&#8221; _builder_version=&#8221;4.9.4&#8243; _module_preset=&#8221;default&#8221;][et_pb_fullwidth_header title=&#8221;V\u00e1\u0161 titul jde sem&#8221; button_one_text=&#8221;Kliknut\u00ed&#8221; _builder_version=&#8221;4.9.4&#8243; _module_preset=&#8221;default&#8221; hover_enabled=&#8221;0&#8243; sticky_enabled=&#8221;0&#8243;]<\/p>\n<p>Your content goes here. Edit or remove this text inline or in the module Content settings. You can also style every aspect of this content in the module Design settings and even apply custom CSS to this text in the module Advanced settings.<\/p>\n<p>[\/et_pb_fullwidth_header][\/et_pb_section]<\/p>\n","protected":false},"excerpt":{"rendered":"<p>Your content goes here. Edit or remove this text inline or in the module Content settings. You can also style every aspect of this content in the module Design settings and even apply custom CSS to this text in the module Advanced settings.<\/p>\n","protected":false},"author":1,"featured_media":0,"parent":0,"menu_order":0,"comment_status":"closed","ping_status":"closed","template":"","meta":{"_et_pb_use_builder":"on","_et_pb_old_content":"","_et_gb_content_width":"","_monsterinsights_skip_tracking":false,"_monsterinsights_sitenote_active":false,"_monsterinsights_sitenote_note":"","_monsterinsights_sitenote_category":0,"footnotes":""},"folder":[],"class_list":["post-102","page","type-page","status-publish","hentry"],"yoast_head":"<!-- This site is optimized with the Yoast SEO plugin v24.9 - https:\/\/yoast.com\/wordpress\/plugins\/seo\/ -->\n<title>O n\u00e1s - \u010cty\u0159kolky POLARIS, prodej a servis, n\u00e1hradn\u00ed d\u00edly - Otrokovice<\/title>\n<meta name=\"robots\" content=\"index, follow, max-snippet:-1, max-image-preview:large, max-video-preview:-1\" \/>\n<link rel=\"canonical\" href=\"https:\/\/www.polarisotrokovice.cz\/cms\/o-nas\/\" \/>\n<meta property=\"og:locale\" content=\"cs_CZ\" \/>\n<meta property=\"og:type\" content=\"article\" \/>\n<meta property=\"og:title\" content=\"O n\u00e1s - \u010cty\u0159kolky POLARIS, prodej a servis, n\u00e1hradn\u00ed d\u00edly - Otrokovice\" \/>\n<meta property=\"og:description\" content=\"Your content goes here. Edit or remove this text inline or in the module Content settings. You can also style every aspect of this content in the module Design settings and even apply custom CSS to this text in the module Advanced settings.\" \/>\n<meta property=\"og:url\" content=\"https:\/\/www.polarisotrokovice.cz\/cms\/o-nas\/\" \/>\n<meta property=\"og:site_name\" content=\"\u010cty\u0159kolky POLARIS, prodej a servis, n\u00e1hradn\u00ed d\u00edly - Otrokovice\" \/>\n<meta property=\"article:modified_time\" content=\"2021-05-18T10:16:18+00:00\" \/>\n<meta name=\"twitter:card\" content=\"summary_large_image\" \/>\n<meta name=\"twitter:label1\" content=\"Odhadovan\u00e1 doba \u010dten\u00ed\" \/>\n\t<meta name=\"twitter:data1\" content=\"1 minuta\" \/>\n<!-- \/ Yoast SEO plugin. -->","yoast_head_json":{"title":"O n\u00e1s - \u010cty\u0159kolky POLARIS, prodej a servis, n\u00e1hradn\u00ed d\u00edly - Otrokovice","robots":{"index":"index","follow":"follow","max-snippet":"max-snippet:-1","max-image-preview":"max-image-preview:large","max-video-preview":"max-video-preview:-1"},"canonical":"https:\/\/www.polarisotrokovice.cz\/cms\/o-nas\/","og_locale":"cs_CZ","og_type":"article","og_title":"O n\u00e1s - \u010cty\u0159kolky POLARIS, prodej a servis, n\u00e1hradn\u00ed d\u00edly - Otrokovice","og_description":"Your content goes here. Edit or remove this text inline or in the module Content settings. You can also style every aspect of this content in the module Design settings and even apply custom CSS to this text in the module Advanced settings.","og_url":"https:\/\/www.polarisotrokovice.cz\/cms\/o-nas\/","og_site_name":"\u010cty\u0159kolky POLARIS, prodej a servis, n\u00e1hradn\u00ed d\u00edly - Otrokovice","article_modified_time":"2021-05-18T10:16:18+00:00","twitter_card":"summary_large_image","twitter_misc":{"Odhadovan\u00e1 doba \u010dten\u00ed":"1 minuta"},"schema":{"@context":"https:\/\/schema.org","@graph":[{"@type":"WebPage","@id":"https:\/\/www.polarisotrokovice.cz\/cms\/o-nas\/","url":"https:\/\/www.polarisotrokovice.cz\/cms\/o-nas\/","name":"O n\u00e1s - \u010cty\u0159kolky POLARIS, prodej a servis, n\u00e1hradn\u00ed d\u00edly - Otrokovice","isPartOf":{"@id":"https:\/\/www.polarisotrokovice.cz\/cms\/#website"},"datePublished":"2021-05-18T10:16:17+00:00","dateModified":"2021-05-18T10:16:18+00:00","breadcrumb":{"@id":"https:\/\/www.polarisotrokovice.cz\/cms\/o-nas\/#breadcrumb"},"inLanguage":"cs","potentialAction":[{"@type":"ReadAction","target":["https:\/\/www.polarisotrokovice.cz\/cms\/o-nas\/"]}]},{"@type":"BreadcrumbList","@id":"https:\/\/www.polarisotrokovice.cz\/cms\/o-nas\/#breadcrumb","itemListElement":[{"@type":"ListItem","position":1,"name":"\u00davodn\u00ed str\u00e1nka","item":"https:\/\/www.polarisotrokovice.cz\/cms\/"},{"@type":"ListItem","position":2,"name":"O n\u00e1s"}]},{"@type":"WebSite","@id":"https:\/\/www.polarisotrokovice.cz\/cms\/#website","url":"https:\/\/www.polarisotrokovice.cz\/cms\/","name":"\u010cty\u0159kolky POLARIS, prodej a servis, n\u00e1hradn\u00ed d\u00edly - Otrokovice","description":"Autorizovan\u00fd prodej a servis \u010dty\u0159kolek POLARIS ve Zl\u00ednsk\u00e9m kraji. P\u0159ij\u010fte si vyzkou\u0161et a vybrat tu pravou \u010dty\u0159kolku pro v\u00e1s. ","publisher":{"@id":"https:\/\/www.polarisotrokovice.cz\/cms\/#organization"},"potentialAction":[{"@type":"SearchAction","target":{"@type":"EntryPoint","urlTemplate":"https:\/\/www.polarisotrokovice.cz\/cms\/?s={search_term_string}"},"query-input":{"@type":"PropertyValueSpecification","valueRequired":true,"valueName":"search_term_string"}}],"inLanguage":"cs"},{"@type":"Organization","@id":"https:\/\/www.polarisotrokovice.cz\/cms\/#organization","name":"Polaris Otrokovice","url":"https:\/\/www.polarisotrokovice.cz\/cms\/","logo":{"@type":"ImageObject","inLanguage":"cs","@id":"https:\/\/www.polarisotrokovice.cz\/cms\/#\/schema\/logo\/image\/","url":"https:\/\/www.polarisotrokovice.cz\/cms\/wp-content\/uploads\/2021\/06\/polaris_logo-150x115-1.png","contentUrl":"https:\/\/www.polarisotrokovice.cz\/cms\/wp-content\/uploads\/2021\/06\/polaris_logo-150x115-1.png","width":150,"height":115,"caption":"Polaris Otrokovice"},"image":{"@id":"https:\/\/www.polarisotrokovice.cz\/cms\/#\/schema\/logo\/image\/"}}]}},"_links":{"self":[{"href":"https:\/\/www.polarisotrokovice.cz\/cms\/wp-json\/wp\/v2\/pages\/102","targetHints":{"allow":["GET"]}}],"collection":[{"href":"https:\/\/www.polarisotrokovice.cz\/cms\/wp-json\/wp\/v2\/pages"}],"about":[{"href":"https:\/\/www.polarisotrokovice.cz\/cms\/wp-json\/wp\/v2\/types\/page"}],"author":[{"embeddable":true,"href":"https:\/\/www.polarisotrokovice.cz\/cms\/wp-json\/wp\/v2\/users\/1"}],"replies":[{"embeddable":true,"href":"https:\/\/www.polarisotrokovice.cz\/cms\/wp-json\/wp\/v2\/comments?post=102"}],"version-history":[{"count":2,"href":"https:\/\/www.polarisotrokovice.cz\/cms\/wp-json\/wp\/v2\/pages\/102\/revisions"}],"predecessor-version":[{"id":104,"href":"https:\/\/www.polarisotrokovice.cz\/cms\/wp-json\/wp\/v2\/pages\/102\/revisions\/104"}],"wp:attachment":[{"href":"https:\/\/www.polarisotrokovice.cz\/cms\/wp-json\/wp\/v2\/media?parent=102"}],"wp:term":[{"taxonomy":"folder","embeddable":true,"href":"https:\/\/www.polarisotrokovice.cz\/cms\/wp-json\/wp\/v2\/folder?post=102"}],"curies":[{"name":"wp","href":"https:\/\/api.w.org\/{rel}","templated":true}]}}