{"id":111,"date":"2021-05-18T13:58:17","date_gmt":"2021-05-18T11:58:17","guid":{"rendered":"https:\/\/www.polaris.autoservisadamik.cz\/subdom\/polaris\/?page_id=111"},"modified":"2024-12-17T07:39:12","modified_gmt":"2024-12-17T06:39:12","slug":"nabidka","status":"publish","type":"page","link":"https:\/\/www.polarisotrokovice.cz\/cms\/nabidka\/","title":{"rendered":"Nab\u00eddka"},"content":{"rendered":"<p>[et_pb_section fb_built=&#8221;1&#8243; fullwidth=&#8221;on&#8221; _builder_version=&#8221;4.16&#8243; background_color=&#8221;RGBA(0,0,0,0)&#8221; background_image=&#8221;https:\/\/www.polaris.autoservisadamik.cz\/subdom\/polaris\/wp-content\/uploads\/2021\/05\/960&#215;480-country.jpg&#8221; custom_margin=&#8221;||||false|false&#8221; custom_padding=&#8221;80px||80px||true|false&#8221; global_colors_info=&#8221;{}&#8221;][et_pb_fullwidth_header title=&#8221;POLARIS&#8221; _builder_version=&#8221;4.16&#8243; title_font_size=&#8221;60px&#8221; title_letter_spacing=&#8221;3px&#8221; background_color=&#8221;RGBA(0,0,0,0)&#8221; background_enable_image=&#8221;off&#8221; global_colors_info=&#8221;{}&#8221;][\/et_pb_fullwidth_header][\/et_pb_section][et_pb_section fb_built=&#8221;1&#8243; _builder_version=&#8221;4.16&#8243; global_colors_info=&#8221;{}&#8221;][et_pb_row column_structure=&#8221;1_3,1_3,1_3&#8243; _builder_version=&#8221;4.16&#8243; max_width=&#8221;80%&#8221; global_colors_info=&#8221;{}&#8221;][et_pb_column type=&#8221;1_3&#8243; _builder_version=&#8221;4.16&#8243; global_colors_info=&#8221;{}&#8221;][et_pb_image src=&#8221;https:\/\/www.polarisotrokovice.cz\/cms\/wp-content\/uploads\/2024\/12\/spts1000-blue-egi.jpg&#8221; title_text=&#8221;spts1000-blue-egi&#8221; url=&#8221;https:\/\/www.polariscz.cz\/sportsman\/&#8221; url_new_window=&#8221;on&#8221; _builder_version=&#8221;4.27.4&#8243; hover_enabled=&#8221;0&#8243; global_colors_info=&#8221;{}&#8221; sticky_enabled=&#8221;0&#8243;][\/et_pb_image][et_pb_button button_url=&#8221;https:\/\/www.polariscz.cz\/sportsman\/&#8221; url_new_window=&#8221;on&#8221; button_text=&#8221;SPORTSMAN&#8221; button_alignment=&#8221;center&#8221; _builder_version=&#8221;4.27.4&#8243; custom_margin=&#8221;-30px||||false|false&#8221; custom_padding=&#8221;0px|50px|0px|50px|false|false&#8221; global_colors_info=&#8221;{}&#8221;][\/et_pb_button][et_pb_text _builder_version=&#8221;4.16&#8243; text_font=&#8221;|700|||||||&#8221; text_orientation=&#8221;center&#8221; custom_margin=&#8221;-30px||||false|false&#8221; custom_padding=&#8221;0px||||false|false&#8221; global_colors_info=&#8221;{}&#8221;]<\/p>\n<p>REKREA\u010cN\u00cd A U\u017dITKOV\u00c9 ATV<\/p>\n<p>[\/et_pb_text][\/et_pb_column][et_pb_column type=&#8221;1_3&#8243; _builder_version=&#8221;4.16&#8243; global_colors_info=&#8221;{}&#8221;][et_pb_image src=&#8221;https:\/\/www.polarisotrokovice.cz\/cms\/wp-content\/uploads\/2024\/12\/rangerxp1000-prem-tr.jpg&#8221; title_text=&#8221;rangerxp1000-prem-tr&#8221; url=&#8221;https:\/\/www.polariscz.cz\/ranger\/&#8221; url_new_window=&#8221;on&#8221; _builder_version=&#8221;4.27.4&#8243; hover_enabled=&#8221;0&#8243; global_colors_info=&#8221;{}&#8221; sticky_enabled=&#8221;0&#8243;][\/et_pb_image][et_pb_button button_url=&#8221;https:\/\/www.polariscz.cz\/ranger\/&#8221; url_new_window=&#8221;on&#8221; button_text=&#8221;RANGER&#8221; button_alignment=&#8221;center&#8221; _builder_version=&#8221;4.27.4&#8243; custom_margin=&#8221;-30px||||false|false&#8221; custom_padding=&#8221;0px|50px|0px|50px|false|false&#8221; global_colors_info=&#8221;{}&#8221;][\/et_pb_button][et_pb_text _builder_version=&#8221;4.16&#8243; text_font=&#8221;|700|||||||&#8221; text_orientation=&#8221;center&#8221; custom_margin=&#8221;-30px||||false|false&#8221; custom_padding=&#8221;0px||||false|false&#8221; global_colors_info=&#8221;{}&#8221;]<\/p>\n<p>U\u017dITKOV\u00c9 SIDE-BY-SIDE<\/p>\n<p>[\/et_pb_text][\/et_pb_column][et_pb_column type=&#8221;1_3&#8243; _builder_version=&#8221;4.16&#8243; global_colors_info=&#8221;{}&#8221;][et_pb_image src=&#8221;https:\/\/www.polarisotrokovice.cz\/cms\/wp-content\/uploads\/2024\/12\/grl-1000-tr.jpg&#8221; title_text=&#8221;grl-1000-tr&#8221; url=&#8221;https:\/\/www.polariscz.cz\/general\/&#8221; url_new_window=&#8221;on&#8221; _builder_version=&#8221;4.27.4&#8243; hover_enabled=&#8221;0&#8243; global_colors_info=&#8221;{}&#8221; sticky_enabled=&#8221;0&#8243;][\/et_pb_image][et_pb_button button_url=&#8221;https:\/\/www.polariscz.cz\/general\/&#8221; url_new_window=&#8221;on&#8221; button_text=&#8221;GENERAL&#8221; button_alignment=&#8221;center&#8221; _builder_version=&#8221;4.27.4&#8243; custom_margin=&#8221;-30px||||false|false&#8221; custom_padding=&#8221;0px|50px|0px|50px|false|false&#8221; global_colors_info=&#8221;{}&#8221;][\/et_pb_button][et_pb_text _builder_version=&#8221;4.16&#8243; text_font=&#8221;|700|||||||&#8221; text_orientation=&#8221;center&#8221; custom_margin=&#8221;-30px||||false|false&#8221; custom_padding=&#8221;0px||||false|false&#8221; global_colors_info=&#8221;{}&#8221;]<\/p>\n<p>REKREA\u010cN\u00cd A U\u017dITKOV\u00c9 SIDE-BY-SIDE<\/p>\n<p>[\/et_pb_text][\/et_pb_column][\/et_pb_row][et_pb_row column_structure=&#8221;1_3,1_3,1_3&#8243; _builder_version=&#8221;4.16&#8243; max_width=&#8221;80%&#8221; global_colors_info=&#8221;{}&#8221;][et_pb_column type=&#8221;1_3&#8243; _builder_version=&#8221;4.16&#8243; global_colors_info=&#8221;{}&#8221;][et_pb_image src=&#8221;https:\/\/www.polarisotrokovice.cz\/cms\/wp-content\/uploads\/2024\/12\/pror-ulti-green.jpg&#8221; title_text=&#8221;pror-ulti-green&#8221; url=&#8221;https:\/\/www.polariscz.cz\/rzr\/&#8221; url_new_window=&#8221;on&#8221; _builder_version=&#8221;4.27.4&#8243; hover_enabled=&#8221;0&#8243; global_colors_info=&#8221;{}&#8221; sticky_enabled=&#8221;0&#8243;][\/et_pb_image][et_pb_button button_url=&#8221;https:\/\/www.polariscz.cz\/rzr\/&#8221; url_new_window=&#8221;on&#8221; button_text=&#8221;RZR&#8221; button_alignment=&#8221;center&#8221; _builder_version=&#8221;4.27.4&#8243; custom_margin=&#8221;-30px||||false|false&#8221; custom_padding=&#8221;0px|50px|0px|50px|false|false&#8221; global_colors_info=&#8221;{}&#8221;][\/et_pb_button][et_pb_text _builder_version=&#8221;4.16&#8243; text_font=&#8221;|700|||||||&#8221; text_orientation=&#8221;center&#8221; custom_margin=&#8221;-30px||||false|false&#8221; custom_padding=&#8221;0px||||false|false&#8221; global_colors_info=&#8221;{}&#8221;]<\/p>\n<p>V\u00ddKONN\u00c9 SIDE-BY-SIDE<\/p>\n<p>[\/et_pb_text][\/et_pb_column][et_pb_column type=&#8221;1_3&#8243; _builder_version=&#8221;4.16&#8243; global_colors_info=&#8221;{}&#8221;][et_pb_image src=&#8221;https:\/\/www.polarisotrokovice.cz\/cms\/wp-content\/uploads\/2024\/12\/out-70-le.jpg&#8221; title_text=&#8221;out-70-le&#8221; url=&#8221;https:\/\/www.polariscz.cz\/youth\/&#8221; url_new_window=&#8221;on&#8221; _builder_version=&#8221;4.27.4&#8243; hover_enabled=&#8221;0&#8243; global_colors_info=&#8221;{}&#8221; sticky_enabled=&#8221;0&#8243;][\/et_pb_image][et_pb_button button_url=&#8221;https:\/\/www.polariscz.cz\/youth\/&#8221; url_new_window=&#8221;on&#8221; button_text=&#8221;Youth&#8221; button_alignment=&#8221;center&#8221; _builder_version=&#8221;4.27.4&#8243; custom_margin=&#8221;-30px||||false|false&#8221; custom_padding=&#8221;0px|50px|0px|50px|false|false&#8221; global_colors_info=&#8221;{}&#8221;][\/et_pb_button][et_pb_text _builder_version=&#8221;4.16&#8243; text_font=&#8221;|700|||||||&#8221; text_orientation=&#8221;center&#8221; custom_margin=&#8221;-30px||||false|false&#8221; custom_padding=&#8221;0px||||false|false&#8221; global_colors_info=&#8221;{}&#8221;]<\/p>\n<p>DRV PRO MLAD\u00c9 JEZDCE<\/p>\n<p>[\/et_pb_text][\/et_pb_column][et_pb_column type=&#8221;1_3&#8243; _builder_version=&#8221;4.16&#8243; global_colors_info=&#8221;{}&#8221;][et_pb_image src=&#8221;https:\/\/www.polarisotrokovice.cz\/cms\/wp-content\/uploads\/2024\/12\/mainmenu_snow.jpg&#8221; _builder_version=&#8221;4.27.4&#8243; hover_enabled=&#8221;0&#8243; global_colors_info=&#8221;{}&#8221; title_text=&#8221;mainmenu_snow&#8221; sticky_enabled=&#8221;0&#8243;][\/et_pb_image][et_pb_button button_text=&#8221;Sn\u011b\u017en\u00e9 sk\u00fatry&#8221; button_alignment=&#8221;center&#8221; _builder_version=&#8221;4.27.4&#8243; custom_margin=&#8221;-30px||||false|false&#8221; custom_padding=&#8221;0px|50px|0px|50px|false|false&#8221; global_colors_info=&#8221;{}&#8221;][\/et_pb_button][et_pb_text _builder_version=&#8221;4.16&#8243; text_font=&#8221;|700|||||||&#8221; text_orientation=&#8221;center&#8221; custom_margin=&#8221;-30px||||false|false&#8221; custom_padding=&#8221;0px||||false|false&#8221; global_colors_info=&#8221;{}&#8221;]<\/p>\n<p>ZIMN\u00cd DOBRODRU\u017dSTV\u00cd<\/p>\n<p>[\/et_pb_text][\/et_pb_column][\/et_pb_row][\/et_pb_section][et_pb_section fb_built=&#8221;1&#8243; _builder_version=&#8221;4.16&#8243; background_color=&#8221;#0f4e93&#8243; custom_margin=&#8221;0px||||false|false&#8221; custom_padding=&#8221;0px||0px||true|false&#8221; global_colors_info=&#8221;{}&#8221;][et_pb_row _builder_version=&#8221;4.16&#8243; global_colors_info=&#8221;{}&#8221;][et_pb_column type=&#8221;4_4&#8243; _builder_version=&#8221;4.16&#8243; global_colors_info=&#8221;{}&#8221;][et_pb_image src=&#8221;https:\/\/www.polaris.autoservisadamik.cz\/subdom\/polaris\/wp-content\/uploads\/2021\/05\/logo-white.png&#8221; title_text=&#8221;logo-white&#8221; align=&#8221;center&#8221; _builder_version=&#8221;4.16&#8243; global_colors_info=&#8221;{}&#8221;][\/et_pb_image][\/et_pb_column][\/et_pb_row][\/et_pb_section]<\/p>\n","protected":false},"excerpt":{"rendered":"<p>REKREA\u010cN\u00cd A U\u017dITKOV\u00c9 ATVU\u017dITKOV\u00c9 SIDE-BY-SIDEREKREA\u010cN\u00cd A U\u017dITKOV\u00c9 SIDE-BY-SIDEV\u00ddKONN\u00c9 SIDE-BY-SIDEDRV PRO MLAD\u00c9 JEZDCEZIMN\u00cd DOBRODRU\u017dSTV\u00cd<\/p>\n","protected":false},"author":1,"featured_media":0,"parent":0,"menu_order":0,"comment_status":"closed","ping_status":"closed","template":"","meta":{"_et_pb_use_builder":"on","_et_pb_old_content":"","_et_gb_content_width":"","_monsterinsights_skip_tracking":false,"_monsterinsights_sitenote_active":false,"_monsterinsights_sitenote_note":"","_monsterinsights_sitenote_category":0,"footnotes":""},"folder":[],"class_list":["post-111","page","type-page","status-publish","hentry"],"yoast_head":"<!-- This site is optimized with the Yoast SEO plugin v24.9 - https:\/\/yoast.com\/wordpress\/plugins\/seo\/ -->\n<title>Nab\u00eddka - \u010cty\u0159kolky POLARIS, prodej a servis, n\u00e1hradn\u00ed d\u00edly - Otrokovice<\/title>\n<meta name=\"description\" content=\"\u010cty\u0159kolky Polaris\" \/>\n<meta name=\"robots\" content=\"index, follow, max-snippet:-1, max-image-preview:large, max-video-preview:-1\" \/>\n<link rel=\"canonical\" href=\"https:\/\/www.polarisotrokovice.cz\/cms\/nabidka\/\" \/>\n<meta property=\"og:locale\" content=\"cs_CZ\" \/>\n<meta property=\"og:type\" content=\"article\" \/>\n<meta property=\"og:title\" content=\"Nab\u00eddka - \u010cty\u0159kolky POLARIS, prodej a servis, n\u00e1hradn\u00ed d\u00edly - Otrokovice\" \/>\n<meta property=\"og:description\" content=\"\u010cty\u0159kolky Polaris\" \/>\n<meta property=\"og:url\" content=\"https:\/\/www.polarisotrokovice.cz\/cms\/nabidka\/\" \/>\n<meta property=\"og:site_name\" content=\"\u010cty\u0159kolky POLARIS, prodej a servis, n\u00e1hradn\u00ed d\u00edly - Otrokovice\" \/>\n<meta property=\"article:modified_time\" content=\"2024-12-17T06:39:12+00:00\" \/>\n<meta name=\"twitter:card\" content=\"summary_large_image\" \/>\n<meta name=\"twitter:label1\" content=\"Odhadovan\u00e1 doba \u010dten\u00ed\" \/>\n\t<meta name=\"twitter:data1\" content=\"1 minuta\" \/>\n<!-- \/ Yoast SEO plugin. -->","yoast_head_json":{"title":"Nab\u00eddka - \u010cty\u0159kolky POLARIS, prodej a servis, n\u00e1hradn\u00ed d\u00edly - Otrokovice","description":"\u010cty\u0159kolky Polaris","robots":{"index":"index","follow":"follow","max-snippet":"max-snippet:-1","max-image-preview":"max-image-preview:large","max-video-preview":"max-video-preview:-1"},"canonical":"https:\/\/www.polarisotrokovice.cz\/cms\/nabidka\/","og_locale":"cs_CZ","og_type":"article","og_title":"Nab\u00eddka - \u010cty\u0159kolky POLARIS, prodej a servis, n\u00e1hradn\u00ed d\u00edly - Otrokovice","og_description":"\u010cty\u0159kolky Polaris","og_url":"https:\/\/www.polarisotrokovice.cz\/cms\/nabidka\/","og_site_name":"\u010cty\u0159kolky POLARIS, prodej a servis, n\u00e1hradn\u00ed d\u00edly - Otrokovice","article_modified_time":"2024-12-17T06:39:12+00:00","twitter_card":"summary_large_image","twitter_misc":{"Odhadovan\u00e1 doba \u010dten\u00ed":"1 minuta"},"schema":{"@context":"https:\/\/schema.org","@graph":[{"@type":"WebPage","@id":"https:\/\/www.polarisotrokovice.cz\/cms\/nabidka\/","url":"https:\/\/www.polarisotrokovice.cz\/cms\/nabidka\/","name":"Nab\u00eddka - \u010cty\u0159kolky POLARIS, prodej a servis, n\u00e1hradn\u00ed d\u00edly - Otrokovice","isPartOf":{"@id":"https:\/\/www.polarisotrokovice.cz\/cms\/#website"},"datePublished":"2021-05-18T11:58:17+00:00","dateModified":"2024-12-17T06:39:12+00:00","description":"\u010cty\u0159kolky Polaris","breadcrumb":{"@id":"https:\/\/www.polarisotrokovice.cz\/cms\/nabidka\/#breadcrumb"},"inLanguage":"cs","potentialAction":[{"@type":"ReadAction","target":["https:\/\/www.polarisotrokovice.cz\/cms\/nabidka\/"]}]},{"@type":"BreadcrumbList","@id":"https:\/\/www.polarisotrokovice.cz\/cms\/nabidka\/#breadcrumb","itemListElement":[{"@type":"ListItem","position":1,"name":"\u00davodn\u00ed str\u00e1nka","item":"https:\/\/www.polarisotrokovice.cz\/cms\/"},{"@type":"ListItem","position":2,"name":"Nab\u00eddka"}]},{"@type":"WebSite","@id":"https:\/\/www.polarisotrokovice.cz\/cms\/#website","url":"https:\/\/www.polarisotrokovice.cz\/cms\/","name":"\u010cty\u0159kolky POLARIS, prodej a servis, n\u00e1hradn\u00ed d\u00edly - Otrokovice","description":"Autorizovan\u00fd prodej a servis \u010dty\u0159kolek POLARIS ve Zl\u00ednsk\u00e9m kraji. P\u0159ij\u010fte si vyzkou\u0161et a vybrat tu pravou \u010dty\u0159kolku pro v\u00e1s. ","publisher":{"@id":"https:\/\/www.polarisotrokovice.cz\/cms\/#organization"},"potentialAction":[{"@type":"SearchAction","target":{"@type":"EntryPoint","urlTemplate":"https:\/\/www.polarisotrokovice.cz\/cms\/?s={search_term_string}"},"query-input":{"@type":"PropertyValueSpecification","valueRequired":true,"valueName":"search_term_string"}}],"inLanguage":"cs"},{"@type":"Organization","@id":"https:\/\/www.polarisotrokovice.cz\/cms\/#organization","name":"Polaris Otrokovice","url":"https:\/\/www.polarisotrokovice.cz\/cms\/","logo":{"@type":"ImageObject","inLanguage":"cs","@id":"https:\/\/www.polarisotrokovice.cz\/cms\/#\/schema\/logo\/image\/","url":"https:\/\/www.polarisotrokovice.cz\/cms\/wp-content\/uploads\/2021\/06\/polaris_logo-150x115-1.png","contentUrl":"https:\/\/www.polarisotrokovice.cz\/cms\/wp-content\/uploads\/2021\/06\/polaris_logo-150x115-1.png","width":150,"height":115,"caption":"Polaris Otrokovice"},"image":{"@id":"https:\/\/www.polarisotrokovice.cz\/cms\/#\/schema\/logo\/image\/"}}]}},"_links":{"self":[{"href":"https:\/\/www.polarisotrokovice.cz\/cms\/wp-json\/wp\/v2\/pages\/111","targetHints":{"allow":["GET"]}}],"collection":[{"href":"https:\/\/www.polarisotrokovice.cz\/cms\/wp-json\/wp\/v2\/pages"}],"about":[{"href":"https:\/\/www.polarisotrokovice.cz\/cms\/wp-json\/wp\/v2\/types\/page"}],"author":[{"embeddable":true,"href":"https:\/\/www.polarisotrokovice.cz\/cms\/wp-json\/wp\/v2\/users\/1"}],"replies":[{"embeddable":true,"href":"https:\/\/www.polarisotrokovice.cz\/cms\/wp-json\/wp\/v2\/comments?post=111"}],"version-history":[{"count":18,"href":"https:\/\/www.polarisotrokovice.cz\/cms\/wp-json\/wp\/v2\/pages\/111\/revisions"}],"predecessor-version":[{"id":3831,"href":"https:\/\/www.polarisotrokovice.cz\/cms\/wp-json\/wp\/v2\/pages\/111\/revisions\/3831"}],"wp:attachment":[{"href":"https:\/\/www.polarisotrokovice.cz\/cms\/wp-json\/wp\/v2\/media?parent=111"}],"wp:term":[{"taxonomy":"folder","embeddable":true,"href":"https:\/\/www.polarisotrokovice.cz\/cms\/wp-json\/wp\/v2\/folder?post=111"}],"curies":[{"name":"wp","href":"https:\/\/api.w.org\/{rel}","templated":true}]}}