{"id":1147,"date":"2021-06-11T10:33:04","date_gmt":"2021-06-11T08:33:04","guid":{"rendered":"https:\/\/www.polarisotrokovice.cz\/cms\/?page_id=1147"},"modified":"2023-04-19T13:44:24","modified_gmt":"2023-04-19T11:44:24","slug":"general","status":"publish","type":"page","link":"https:\/\/www.polarisotrokovice.cz\/cms\/general\/","title":{"rendered":"General"},"content":{"rendered":"<p>[et_pb_section fb_built=&#8221;1&#8243; fullwidth=&#8221;on&#8221; _builder_version=&#8221;4.16&#8243; background_image=&#8221;https:\/\/www.polarisotrokovice.cz\/cms\/wp-content\/uploads\/2021\/06\/model-range-header_general-scaled-1.jpg&#8221; custom_margin=&#8221;||||false|false&#8221; custom_padding=&#8221;80px||80px||true|false&#8221; global_colors_info=&#8221;{}&#8221;][et_pb_fullwidth_header _builder_version=&#8221;4.16&#8243; title_font_size=&#8221;60px&#8221; title_letter_spacing=&#8221;3px&#8221; background_color=&#8221;RGBA(0,0,0,0)&#8221; background_enable_image=&#8221;off&#8221; global_colors_info=&#8221;{}&#8221;]<\/p>\n<h1>GENERAL\u2122<\/h1>\n<p>[\/et_pb_fullwidth_header][\/et_pb_section][et_pb_section fb_built=&#8221;1&#8243; _builder_version=&#8221;4.16&#8243; custom_padding=&#8221;0px||||false|false&#8221; global_colors_info=&#8221;{}&#8221;][et_pb_row use_custom_gutter=&#8221;on&#8221; gutter_width=&#8221;1&#8243; _builder_version=&#8221;4.16&#8243; background_color=&#8221;RGBA(0,0,0,0)&#8221; use_background_color_gradient=&#8221;on&#8221; background_color_gradient_stops=&#8221;#c4c4c4 10%|rgba(0,0,0,0) 86%&#8221; background_color_gradient_overlays_image=&#8221;on&#8221; background_color_gradient_start=&#8221;#c4c4c4&#8243; background_color_gradient_start_position=&#8221;10%&#8221; background_color_gradient_end=&#8221;rgba(0,0,0,0)&#8221; background_color_gradient_end_position=&#8221;86%&#8221; background_image=&#8221;https:\/\/www.polaris.autoservisadamik.cz\/subdom\/polaris\/wp-content\/uploads\/2021\/05\/logo-white.png&#8221; background_size=&#8221;initial&#8221; background_position=&#8221;center_right&#8221; width=&#8221;100%&#8221; max_width=&#8221;100%&#8221; custom_padding=&#8221;0px||||false|false&#8221; module_alignment_tablet=&#8221;&#8221; module_alignment_phone=&#8221;&#8221; module_alignment_last_edited=&#8221;on|tablet&#8221; global_colors_info=&#8221;{}&#8221;][et_pb_column type=&#8221;4_4&#8243; _builder_version=&#8221;4.16&#8243; border_width_right=&#8221;1px&#8221; border_color_right=&#8221;#d6d6d6&#8243; border_width_right_tablet=&#8221;0px&#8221; border_width_right_phone=&#8221;&#8221; border_width_right_last_edited=&#8221;on|tablet&#8221; global_colors_info=&#8221;{}&#8221;][et_pb_text _builder_version=&#8221;4.16&#8243; text_font=&#8221;|||on|||||&#8221; text_text_color=&#8221;#032a60&#8243; text_font_size=&#8221;16px&#8221; text_letter_spacing=&#8221;5px&#8221; text_line_height=&#8221;2em&#8221; header_font=&#8221;|700|||||||&#8221; header_text_align=&#8221;right&#8221; header_text_color=&#8221;#000000&#8243; header_font_size=&#8221;42px&#8221; header_letter_spacing=&#8221;2px&#8221; header_line_height=&#8221;1.2em&#8221; text_orientation=&#8221;center&#8221; custom_padding=&#8221;10px|50px|||false|false&#8221; animation_style=&#8221;slide&#8221; animation_duration=&#8221;2000ms&#8221; header_text_align_tablet=&#8221;center&#8221; header_text_align_phone=&#8221;&#8221; header_text_align_last_edited=&#8221;on|phone&#8221; text_text_shadow_style=&#8221;preset2&#8243; global_colors_info=&#8221;{}&#8221;]<\/p>\n<p>Hled\u00e1te p\u0159i j\u00edzd\u011b kombinac\u00ed s\u00edly, schopnost\u00ed a pohodl\u00ed?<br \/>Polaris GENERAL je ur\u010den pro ka\u017ed\u00e9 dobrodru\u017estv\u00ed v ter\u00e9nu a nedot\u010den\u00e9 p\u0159\u00edrod\u011b.<\/p>\n<p>[\/et_pb_text][\/et_pb_column][\/et_pb_row][et_pb_row column_structure=&#8221;1_2,1_2&#8243; use_custom_gutter=&#8221;on&#8221; gutter_width=&#8221;1&#8243; _builder_version=&#8221;4.16&#8243; background_color=&#8221;RGBA(0,0,0,0)&#8221; use_background_color_gradient=&#8221;on&#8221; background_color_gradient_direction=&#8221;189deg&#8221; background_color_gradient_stops=&#8221;rgba(255,255,255,0) 34%|rgba(0,0,0,0) 86%&#8221; background_color_gradient_overlays_image=&#8221;on&#8221; background_color_gradient_start=&#8221;rgba(255,255,255,0)&#8221; background_color_gradient_start_position=&#8221;34%&#8221; background_color_gradient_end=&#8221;rgba(0,0,0,0)&#8221; background_color_gradient_end_position=&#8221;86%&#8221; background_image=&#8221;https:\/\/www.polaris.autoservisadamik.cz\/subdom\/polaris\/wp-content\/uploads\/2021\/05\/logo-white.png&#8221; background_size=&#8221;initial&#8221; background_position=&#8221;center_right&#8221; max_width=&#8221;80%&#8221; custom_padding=&#8221;0px||0px||true|false&#8221; global_colors_info=&#8221;{}&#8221;][et_pb_column type=&#8221;1_2&#8243; _builder_version=&#8221;4.16&#8243; border_width_right=&#8221;1px&#8221; border_color_right=&#8221;#d6d6d6&#8243; border_width_right_tablet=&#8221;0px&#8221; border_width_right_phone=&#8221;&#8221; border_width_right_last_edited=&#8221;on|tablet&#8221; global_colors_info=&#8221;{}&#8221;][et_pb_text _builder_version=&#8221;4.16&#8243; header_font=&#8221;|700|||||||&#8221; header_text_align=&#8221;right&#8221; header_text_color=&#8221;#000000&#8243; header_font_size=&#8221;42px&#8221; header_letter_spacing=&#8221;2px&#8221; header_line_height=&#8221;1.2em&#8221; text_orientation=&#8221;center&#8221; custom_padding=&#8221;10px|50px|||false|false&#8221; animation_style=&#8221;slide&#8221; animation_duration=&#8221;2000ms&#8221; header_text_align_tablet=&#8221;center&#8221; header_text_align_phone=&#8221;&#8221; header_text_align_last_edited=&#8221;on|tablet&#8221; global_colors_info=&#8221;{}&#8221;]<\/p>\n<h1>DVOUM\u00cdSTN\u00c9<\/h1>\n<p>[\/et_pb_text][\/et_pb_column][et_pb_column type=&#8221;1_2&#8243; _builder_version=&#8221;4.16&#8243; global_colors_info=&#8221;{}&#8221;][et_pb_text disabled_on=&#8221;on|on|off&#8221; _builder_version=&#8221;4.16&#8243; text_text_color=&#8221;#cc481c&#8221; text_font_size=&#8221;15px&#8221; text_letter_spacing=&#8221;9px&#8221; header_font=&#8221;|700|||||||&#8221; header_text_align=&#8221;left&#8221; header_text_color=&#8221;#000000&#8243; header_font_size=&#8221;42px&#8221; header_letter_spacing=&#8221;2px&#8221; header_line_height=&#8221;1.2em&#8221; text_orientation=&#8221;center&#8221; custom_margin=&#8221;||0px||false|false&#8221; custom_padding=&#8221;20px||0px|50px|false|false&#8221; animation_style=&#8221;slide&#8221; animation_duration=&#8221;2000ms&#8221; global_colors_info=&#8221;{}&#8221;]<\/p>\n<p style=\"text-align: left;\">POLARIS<\/p>\n<p>[\/et_pb_text][\/et_pb_column][\/et_pb_row][et_pb_row column_structure=&#8221;1_3,1_3,1_3&#8243; _builder_version=&#8221;4.16&#8243; max_width=&#8221;80%&#8221; global_colors_info=&#8221;{}&#8221;][et_pb_column type=&#8221;1_3&#8243; _builder_version=&#8221;4.16&#8243; global_colors_info=&#8221;{}&#8221;][\/et_pb_column][et_pb_column type=&#8221;1_3&#8243; _builder_version=&#8221;4.16&#8243; global_colors_info=&#8221;{}&#8221;][et_pb_image src=&#8221;https:\/\/www.polarisotrokovice.cz\/cms\/wp-content\/uploads\/2023\/04\/polaris_general_eps_deluxe.jpg&#8221; title_text=&#8221;polaris_general_eps_deluxe&#8221; url=&#8221;@ET-DC@eyJkeW5hbWljIjp0cnVlLCJjb250ZW50IjoicG9zdF9saW5rX3VybF9wYWdlIiwic2V0dGluZ3MiOnsicG9zdF9pZCI6IjExNTMifX0=@&#8221; _builder_version=&#8221;4.20.4&#8243; _dynamic_attributes=&#8221;url&#8221; hover_enabled=&#8221;0&#8243; global_colors_info=&#8221;{}&#8221; sticky_enabled=&#8221;0&#8243;][\/et_pb_image][et_pb_button button_url=&#8221;@ET-DC@eyJkeW5hbWljIjp0cnVlLCJjb250ZW50IjoicG9zdF9saW5rX3VybF9wYWdlIiwic2V0dGluZ3MiOnsicG9zdF9pZCI6IjExNTMifX0=@&#8221; button_text=&#8221;GENERAL\u2122 1000 EPS DELUXE&#8221; button_alignment=&#8221;center&#8221; _builder_version=&#8221;4.16&#8243; _dynamic_attributes=&#8221;button_url&#8221; custom_margin=&#8221;-30px||||false|false&#8221; custom_padding=&#8221;0px||0px||false|false&#8221; global_colors_info=&#8221;{}&#8221;][\/et_pb_button][et_pb_text _builder_version=&#8221;4.16&#8243; text_font=&#8221;|700|||||||&#8221; text_orientation=&#8221;center&#8221; custom_margin=&#8221;-30px||||false|false&#8221; custom_padding=&#8221;0px||||false|false&#8221; global_colors_info=&#8221;{}&#8221;]<\/p>\n<p>P\u0158EDUR\u010cEN\u00c9 ZVL\u00c1DNOUT V\u00cdC<\/p>\n<p>[\/et_pb_text][\/et_pb_column][et_pb_column type=&#8221;1_3&#8243; _builder_version=&#8221;4.16&#8243; global_colors_info=&#8221;{}&#8221;][\/et_pb_column][\/et_pb_row][et_pb_row column_structure=&#8221;1_2,1_2&#8243; use_custom_gutter=&#8221;on&#8221; gutter_width=&#8221;1&#8243; _builder_version=&#8221;4.16&#8243; background_color=&#8221;RGBA(0,0,0,0)&#8221; use_background_color_gradient=&#8221;on&#8221; background_color_gradient_direction=&#8221;189deg&#8221; background_color_gradient_stops=&#8221;rgba(255,255,255,0) 34%|rgba(0,0,0,0) 86%&#8221; background_color_gradient_overlays_image=&#8221;on&#8221; background_color_gradient_start=&#8221;rgba(255,255,255,0)&#8221; background_color_gradient_start_position=&#8221;34%&#8221; background_color_gradient_end=&#8221;rgba(0,0,0,0)&#8221; background_color_gradient_end_position=&#8221;86%&#8221; background_image=&#8221;https:\/\/www.polaris.autoservisadamik.cz\/subdom\/polaris\/wp-content\/uploads\/2021\/05\/logo-white.png&#8221; background_size=&#8221;initial&#8221; background_position=&#8221;center_right&#8221; max_width=&#8221;80%&#8221; custom_margin=&#8221;50px||||false|false&#8221; custom_padding=&#8221;0px||0px||true|false&#8221; global_colors_info=&#8221;{}&#8221;][et_pb_column type=&#8221;1_2&#8243; _builder_version=&#8221;4.16&#8243; border_width_right=&#8221;1px&#8221; border_color_right=&#8221;#d6d6d6&#8243; border_width_right_tablet=&#8221;0px&#8221; border_width_right_phone=&#8221;&#8221; border_width_right_last_edited=&#8221;on|tablet&#8221; global_colors_info=&#8221;{}&#8221;][et_pb_text _builder_version=&#8221;4.16&#8243; header_font=&#8221;|700|||||||&#8221; header_text_align=&#8221;right&#8221; header_text_color=&#8221;#000000&#8243; header_font_size=&#8221;42px&#8221; header_letter_spacing=&#8221;2px&#8221; header_line_height=&#8221;1.2em&#8221; text_orientation=&#8221;center&#8221; custom_padding=&#8221;10px|50px|||false|false&#8221; animation_style=&#8221;slide&#8221; animation_duration=&#8221;2000ms&#8221; header_text_align_tablet=&#8221;center&#8221; header_text_align_phone=&#8221;&#8221; header_text_align_last_edited=&#8221;on|tablet&#8221; global_colors_info=&#8221;{}&#8221;]<\/p>\n<h1>\u010cTY\u0158M\u00cdSTN\u00c9<\/h1>\n<p>[\/et_pb_text][\/et_pb_column][et_pb_column type=&#8221;1_2&#8243; _builder_version=&#8221;4.16&#8243; global_colors_info=&#8221;{}&#8221;][et_pb_text disabled_on=&#8221;on|on|off&#8221; _builder_version=&#8221;4.16&#8243; text_text_color=&#8221;#cc481c&#8221; text_font_size=&#8221;15px&#8221; text_letter_spacing=&#8221;9px&#8221; header_font=&#8221;|700|||||||&#8221; header_text_align=&#8221;left&#8221; header_text_color=&#8221;#000000&#8243; header_font_size=&#8221;42px&#8221; header_letter_spacing=&#8221;2px&#8221; header_line_height=&#8221;1.2em&#8221; text_orientation=&#8221;center&#8221; custom_margin=&#8221;||0px||false|false&#8221; custom_padding=&#8221;20px||0px|50px|false|false&#8221; animation_style=&#8221;slide&#8221; animation_duration=&#8221;2000ms&#8221; global_colors_info=&#8221;{}&#8221;]<\/p>\n<p style=\"text-align: left;\">POLARIS<\/p>\n<p>[\/et_pb_text][\/et_pb_column][\/et_pb_row][et_pb_row column_structure=&#8221;1_3,1_3,1_3&#8243; _builder_version=&#8221;4.16&#8243; max_width=&#8221;80%&#8221; global_colors_info=&#8221;{}&#8221;][et_pb_column type=&#8221;1_3&#8243; _builder_version=&#8221;4.16&#8243; global_colors_info=&#8221;{}&#8221;][\/et_pb_column][et_pb_column type=&#8221;1_3&#8243; _builder_version=&#8221;4.16&#8243; global_colors_info=&#8221;{}&#8221;][et_pb_image src=&#8221;https:\/\/www.polarisotrokovice.cz\/cms\/wp-content\/uploads\/2022\/03\/G22G4E99NPT.jpg&#8221; title_text=&#8221;G22G4E99NPT&#8221; url=&#8221;@ET-DC@eyJkeW5hbWljIjp0cnVlLCJjb250ZW50IjoicG9zdF9saW5rX3VybF9wYWdlIiwic2V0dGluZ3MiOnsicG9zdF9pZCI6IjExNjUifX0=@&#8221; _builder_version=&#8221;4.16&#8243; _dynamic_attributes=&#8221;url&#8221; global_colors_info=&#8221;{}&#8221;][\/et_pb_image][et_pb_button button_url=&#8221;@ET-DC@eyJkeW5hbWljIjp0cnVlLCJjb250ZW50IjoicG9zdF9saW5rX3VybF9wYWdlIiwic2V0dGluZ3MiOnsicG9zdF9pZCI6IjExNjUifX0=@&#8221; button_text=&#8221;GENERAL\u2122 4 1000 EPS&#8221; button_alignment=&#8221;center&#8221; _builder_version=&#8221;4.16&#8243; _dynamic_attributes=&#8221;button_url&#8221; custom_margin=&#8221;-30px||||false|false&#8221; custom_padding=&#8221;0px||0px||false|false&#8221; global_colors_info=&#8221;{}&#8221;][\/et_pb_button][et_pb_text _builder_version=&#8221;4.16&#8243; text_font=&#8221;|700|||||||&#8221; text_orientation=&#8221;center&#8221; custom_margin=&#8221;-30px||||false|false&#8221; custom_padding=&#8221;0px||||false|false&#8221; global_colors_info=&#8221;{}&#8221;]<\/p>\n<p>SD\u00cdLEJTE SVOU V\u00c1\u0160E\u0147 PRO DOBRODRU\u017dSTV\u00cd<\/p>\n<p>[\/et_pb_text][\/et_pb_column][et_pb_column type=&#8221;1_3&#8243; _builder_version=&#8221;4.16&#8243; global_colors_info=&#8221;{}&#8221;][\/et_pb_column][\/et_pb_row][\/et_pb_section][et_pb_section fb_built=&#8221;1&#8243; _builder_version=&#8221;4.16&#8243; background_color=&#8221;#0f4e93&#8243; custom_margin=&#8221;0px||||false|false&#8221; custom_padding=&#8221;0px||0px||true|false&#8221; global_colors_info=&#8221;{}&#8221;][et_pb_row _builder_version=&#8221;4.16&#8243; global_colors_info=&#8221;{}&#8221;][et_pb_column type=&#8221;4_4&#8243; _builder_version=&#8221;4.16&#8243; global_colors_info=&#8221;{}&#8221;][et_pb_image src=&#8221;https:\/\/www.polaris.autoservisadamik.cz\/subdom\/polaris\/wp-content\/uploads\/2021\/05\/logo-white.png&#8221; title_text=&#8221;logo-white&#8221; align=&#8221;center&#8221; _builder_version=&#8221;4.16&#8243; global_colors_info=&#8221;{}&#8221;][\/et_pb_image][\/et_pb_column][\/et_pb_row][\/et_pb_section]<\/p>\n","protected":false},"excerpt":{"rendered":"<p>GENERAL\u2122Hled\u00e1te p\u0159i j\u00edzd\u011b kombinac\u00ed s\u00edly, schopnost\u00ed a pohodl\u00ed?Polaris GENERAL je ur\u010den pro ka\u017ed\u00e9 dobrodru\u017estv\u00ed v ter\u00e9nu a nedot\u010den\u00e9 p\u0159\u00edrod\u011b.DVOUM\u00cdSTN\u00c9POLARISP\u0158EDUR\u010cEN\u00c9 ZVL\u00c1DNOUT V\u00cdC\u010cTY\u0158M\u00cdSTN\u00c9POLARISSD\u00cdLEJTE SVOU V\u00c1\u0160E\u0147 PRO DOBRODRU\u017dSTV\u00cd<\/p>\n","protected":false},"author":1,"featured_media":0,"parent":0,"menu_order":0,"comment_status":"closed","ping_status":"closed","template":"","meta":{"_et_pb_use_builder":"on","_et_pb_old_content":"","_et_gb_content_width":"","_monsterinsights_skip_tracking":false,"_monsterinsights_sitenote_active":false,"_monsterinsights_sitenote_note":"","_monsterinsights_sitenote_category":0,"footnotes":""},"folder":[],"class_list":["post-1147","page","type-page","status-publish","hentry"],"yoast_head":"<!-- This site is optimized with the Yoast SEO plugin v24.9 - https:\/\/yoast.com\/wordpress\/plugins\/seo\/ -->\n<title>General - \u010cty\u0159kolky POLARIS, prodej a servis, n\u00e1hradn\u00ed d\u00edly - Otrokovice<\/title>\n<meta name=\"robots\" content=\"index, follow, max-snippet:-1, max-image-preview:large, max-video-preview:-1\" \/>\n<link rel=\"canonical\" href=\"https:\/\/www.polarisotrokovice.cz\/cms\/general\/\" \/>\n<meta property=\"og:locale\" content=\"cs_CZ\" \/>\n<meta property=\"og:type\" content=\"article\" \/>\n<meta property=\"og:title\" content=\"General - \u010cty\u0159kolky POLARIS, prodej a servis, n\u00e1hradn\u00ed d\u00edly - Otrokovice\" \/>\n<meta property=\"og:description\" content=\"GENERAL\u2122Hled\u00e1te p\u0159i j\u00edzd\u011b kombinac\u00ed s\u00edly, schopnost\u00ed a pohodl\u00ed?Polaris GENERAL je ur\u010den pro ka\u017ed\u00e9 dobrodru\u017estv\u00ed v ter\u00e9nu a nedot\u010den\u00e9 p\u0159\u00edrod\u011b.DVOUM\u00cdSTN\u00c9POLARISP\u0158EDUR\u010cEN\u00c9 ZVL\u00c1DNOUT V\u00cdC\u010cTY\u0158M\u00cdSTN\u00c9POLARISSD\u00cdLEJTE SVOU V\u00c1\u0160E\u0147 PRO DOBRODRU\u017dSTV\u00cd\" \/>\n<meta property=\"og:url\" content=\"https:\/\/www.polarisotrokovice.cz\/cms\/general\/\" \/>\n<meta property=\"og:site_name\" content=\"\u010cty\u0159kolky POLARIS, prodej a servis, n\u00e1hradn\u00ed d\u00edly - Otrokovice\" \/>\n<meta property=\"article:modified_time\" content=\"2023-04-19T11:44:24+00:00\" \/>\n<meta name=\"twitter:card\" content=\"summary_large_image\" \/>\n<meta name=\"twitter:label1\" content=\"Odhadovan\u00e1 doba \u010dten\u00ed\" \/>\n\t<meta name=\"twitter:data1\" content=\"7 minut\" \/>\n<!-- \/ Yoast SEO plugin. -->","yoast_head_json":{"title":"General - \u010cty\u0159kolky POLARIS, prodej a servis, n\u00e1hradn\u00ed d\u00edly - Otrokovice","robots":{"index":"index","follow":"follow","max-snippet":"max-snippet:-1","max-image-preview":"max-image-preview:large","max-video-preview":"max-video-preview:-1"},"canonical":"https:\/\/www.polarisotrokovice.cz\/cms\/general\/","og_locale":"cs_CZ","og_type":"article","og_title":"General - \u010cty\u0159kolky POLARIS, prodej a servis, n\u00e1hradn\u00ed d\u00edly - Otrokovice","og_description":"GENERAL\u2122Hled\u00e1te p\u0159i j\u00edzd\u011b kombinac\u00ed s\u00edly, schopnost\u00ed a pohodl\u00ed?Polaris GENERAL je ur\u010den pro ka\u017ed\u00e9 dobrodru\u017estv\u00ed v ter\u00e9nu a nedot\u010den\u00e9 p\u0159\u00edrod\u011b.DVOUM\u00cdSTN\u00c9POLARISP\u0158EDUR\u010cEN\u00c9 ZVL\u00c1DNOUT V\u00cdC\u010cTY\u0158M\u00cdSTN\u00c9POLARISSD\u00cdLEJTE SVOU V\u00c1\u0160E\u0147 PRO DOBRODRU\u017dSTV\u00cd","og_url":"https:\/\/www.polarisotrokovice.cz\/cms\/general\/","og_site_name":"\u010cty\u0159kolky POLARIS, prodej a servis, n\u00e1hradn\u00ed d\u00edly - Otrokovice","article_modified_time":"2023-04-19T11:44:24+00:00","twitter_card":"summary_large_image","twitter_misc":{"Odhadovan\u00e1 doba \u010dten\u00ed":"7 minut"},"schema":{"@context":"https:\/\/schema.org","@graph":[{"@type":"WebPage","@id":"https:\/\/www.polarisotrokovice.cz\/cms\/general\/","url":"https:\/\/www.polarisotrokovice.cz\/cms\/general\/","name":"General - \u010cty\u0159kolky POLARIS, prodej a servis, n\u00e1hradn\u00ed d\u00edly - Otrokovice","isPartOf":{"@id":"https:\/\/www.polarisotrokovice.cz\/cms\/#website"},"datePublished":"2021-06-11T08:33:04+00:00","dateModified":"2023-04-19T11:44:24+00:00","breadcrumb":{"@id":"https:\/\/www.polarisotrokovice.cz\/cms\/general\/#breadcrumb"},"inLanguage":"cs","potentialAction":[{"@type":"ReadAction","target":["https:\/\/www.polarisotrokovice.cz\/cms\/general\/"]}]},{"@type":"BreadcrumbList","@id":"https:\/\/www.polarisotrokovice.cz\/cms\/general\/#breadcrumb","itemListElement":[{"@type":"ListItem","position":1,"name":"\u00davodn\u00ed str\u00e1nka","item":"https:\/\/www.polarisotrokovice.cz\/cms\/"},{"@type":"ListItem","position":2,"name":"General"}]},{"@type":"WebSite","@id":"https:\/\/www.polarisotrokovice.cz\/cms\/#website","url":"https:\/\/www.polarisotrokovice.cz\/cms\/","name":"\u010cty\u0159kolky POLARIS, prodej a servis, n\u00e1hradn\u00ed d\u00edly - Otrokovice","description":"Autorizovan\u00fd prodej a servis \u010dty\u0159kolek POLARIS ve Zl\u00ednsk\u00e9m kraji. P\u0159ij\u010fte si vyzkou\u0161et a vybrat tu pravou \u010dty\u0159kolku pro v\u00e1s. ","publisher":{"@id":"https:\/\/www.polarisotrokovice.cz\/cms\/#organization"},"potentialAction":[{"@type":"SearchAction","target":{"@type":"EntryPoint","urlTemplate":"https:\/\/www.polarisotrokovice.cz\/cms\/?s={search_term_string}"},"query-input":{"@type":"PropertyValueSpecification","valueRequired":true,"valueName":"search_term_string"}}],"inLanguage":"cs"},{"@type":"Organization","@id":"https:\/\/www.polarisotrokovice.cz\/cms\/#organization","name":"Polaris Otrokovice","url":"https:\/\/www.polarisotrokovice.cz\/cms\/","logo":{"@type":"ImageObject","inLanguage":"cs","@id":"https:\/\/www.polarisotrokovice.cz\/cms\/#\/schema\/logo\/image\/","url":"https:\/\/www.polarisotrokovice.cz\/cms\/wp-content\/uploads\/2021\/06\/polaris_logo-150x115-1.png","contentUrl":"https:\/\/www.polarisotrokovice.cz\/cms\/wp-content\/uploads\/2021\/06\/polaris_logo-150x115-1.png","width":150,"height":115,"caption":"Polaris Otrokovice"},"image":{"@id":"https:\/\/www.polarisotrokovice.cz\/cms\/#\/schema\/logo\/image\/"}}]}},"_links":{"self":[{"href":"https:\/\/www.polarisotrokovice.cz\/cms\/wp-json\/wp\/v2\/pages\/1147","targetHints":{"allow":["GET"]}}],"collection":[{"href":"https:\/\/www.polarisotrokovice.cz\/cms\/wp-json\/wp\/v2\/pages"}],"about":[{"href":"https:\/\/www.polarisotrokovice.cz\/cms\/wp-json\/wp\/v2\/types\/page"}],"author":[{"embeddable":true,"href":"https:\/\/www.polarisotrokovice.cz\/cms\/wp-json\/wp\/v2\/users\/1"}],"replies":[{"embeddable":true,"href":"https:\/\/www.polarisotrokovice.cz\/cms\/wp-json\/wp\/v2\/comments?post=1147"}],"version-history":[{"count":13,"href":"https:\/\/www.polarisotrokovice.cz\/cms\/wp-json\/wp\/v2\/pages\/1147\/revisions"}],"predecessor-version":[{"id":3477,"href":"https:\/\/www.polarisotrokovice.cz\/cms\/wp-json\/wp\/v2\/pages\/1147\/revisions\/3477"}],"wp:attachment":[{"href":"https:\/\/www.polarisotrokovice.cz\/cms\/wp-json\/wp\/v2\/media?parent=1147"}],"wp:term":[{"taxonomy":"folder","embeddable":true,"href":"https:\/\/www.polarisotrokovice.cz\/cms\/wp-json\/wp\/v2\/folder?post=1147"}],"curies":[{"name":"wp","href":"https:\/\/api.w.org\/{rel}","templated":true}]}}