{"id":1230,"date":"2021-06-14T15:58:37","date_gmt":"2021-06-14T13:58:37","guid":{"rendered":"https:\/\/www.polarisotrokovice.cz\/cms\/?page_id=1230"},"modified":"2023-07-03T16:00:59","modified_gmt":"2023-07-03T14:00:59","slug":"ranger-570-eps","status":"publish","type":"page","link":"https:\/\/www.polarisotrokovice.cz\/cms\/ranger-570-eps\/","title":{"rendered":"Ranger 570 EPS"},"content":{"rendered":"<p>[et_pb_section fb_built=&#8221;1&#8243; fullwidth=&#8221;on&#8221; _builder_version=&#8221;4.16&#8243; background_image=&#8221;https:\/\/www.polarisotrokovice.cz\/cms\/wp-content\/uploads\/2021\/06\/image-1-14.jpg&#8221; height=&#8221;350px&#8221; custom_margin=&#8221;||||false|false&#8221; custom_padding=&#8221;0px||0px||false|false&#8221; global_colors_info=&#8221;{}&#8221;][et_pb_fullwidth_header title=&#8221;RANGER\u00ae 570&#8243; _builder_version=&#8221;4.16&#8243; title_font=&#8221;||||||||&#8221; title_text_color=&#8221;#FFFFFF&#8221; title_font_size=&#8221;60px&#8221; title_letter_spacing=&#8221;3px&#8221; background_color=&#8221;RGBA(0,0,0,0)&#8221; use_background_color_gradient=&#8221;on&#8221; background_color_gradient_direction=&#8221;245deg&#8221; background_color_gradient_stops=&#8221;rgba(0,0,0,0.49) 0%|rgba(255,255,255,0) 91%&#8221; background_color_gradient_start=&#8221;rgba(0,0,0,0.49)&#8221; background_color_gradient_end=&#8221;rgba(255,255,255,0)&#8221; background_color_gradient_end_position=&#8221;91%&#8221; background_enable_image=&#8221;off&#8221; background_blend=&#8221;lighten&#8221; min_height=&#8221;100%&#8221; height=&#8221;100%&#8221; custom_padding=&#8221;100px||60px||false|false&#8221; global_colors_info=&#8221;{}&#8221;][\/et_pb_fullwidth_header][\/et_pb_section][et_pb_section fb_built=&#8221;1&#8243; _builder_version=&#8221;4.16&#8243; custom_padding=&#8221;10px||||false|false&#8221; global_colors_info=&#8221;{}&#8221;][et_pb_row _builder_version=&#8221;4.16&#8243; width=&#8221;100%&#8221; max_width=&#8221;100%&#8221; global_colors_info=&#8221;{}&#8221;][et_pb_column type=&#8221;4_4&#8243; _builder_version=&#8221;4.16&#8243; global_colors_info=&#8221;{}&#8221;][et_pb_menu menu_id=&#8221;54&#8243; menu_style=&#8221;centered&#8221; active_link_color=&#8221;#f78800&#8243; module_class=&#8221;pa-underline-from-left&#8221; _builder_version=&#8221;4.16&#8243; menu_font=&#8221;Rajdhani|700|||||||&#8221; menu_font_size=&#8221;16px&#8221; width=&#8221;100%&#8221; border_width_bottom=&#8221;1px&#8221; border_color_bottom=&#8221;#d6d6d6&#8243; global_colors_info=&#8221;{}&#8221;][\/et_pb_menu][\/et_pb_column][\/et_pb_row][et_pb_row column_structure=&#8221;1_2,1_2&#8243; _builder_version=&#8221;4.16&#8243; max_width=&#8221;70%&#8221; global_colors_info=&#8221;{}&#8221;][et_pb_column type=&#8221;1_2&#8243; _builder_version=&#8221;4.16&#8243; global_colors_info=&#8221;{}&#8221;][et_pb_image src=&#8221;https:\/\/www.polarisotrokovice.cz\/cms\/wp-content\/uploads\/2022\/03\/R22MAS57C1.jpg&#8221; title_text=&#8221;R22MAS57C1&#8243; _builder_version=&#8221;4.16&#8243; global_colors_info=&#8221;{}&#8221;][\/et_pb_image][\/et_pb_column][et_pb_column type=&#8221;1_2&#8243; _builder_version=&#8221;4.16&#8243; global_colors_info=&#8221;{}&#8221;][et_pb_text _builder_version=&#8221;4.20.0&#8243; custom_margin=&#8221;80px||||false|false&#8221; global_colors_info=&#8221;{}&#8221;]<\/p>\n<h1><strong>RANGER\u00ae 570 SP<\/strong><\/h1>\n<p><strong>homologace L7e<\/strong><\/p>\n<p>[\/et_pb_text][et_pb_text _builder_version=&#8221;4.20.0&#8243; custom_margin=&#8221;||0px||false|false&#8221; custom_padding=&#8221;||0px|30px|false|false&#8221; global_colors_info=&#8221;{}&#8221;]<\/p>\n<p>&nbsp;<\/p>\n<ul>\n<li>\n<h6>Sv\u011btl\u00e1 v\u00fd\u0161ka 25.4 cm<\/h6>\n<\/li>\n<li>\n<h6>Motor ProStar 570<\/h6>\n<\/li>\n<li>\n<h6>Ta\u017en\u00e1 s\u00edla 680 kg<\/h6>\n<\/li>\n<li>\n<h6>Nosnost korby 227 kg<\/h6>\n<\/li>\n<\/ul>\n<p>[\/et_pb_text][et_pb_divider color=&#8221;#cecece&#8221; _builder_version=&#8221;4.16&#8243; custom_margin=&#8221;||0px||false|false&#8221; custom_padding=&#8221;||0px||false|false&#8221; global_colors_info=&#8221;{}&#8221;][\/et_pb_divider][et_pb_text _builder_version=&#8221;4.21.0&#8243; hover_enabled=&#8221;0&#8243; global_colors_info=&#8221;{}&#8221; sticky_enabled=&#8221;0&#8243;]<\/p>\n<h3>Cena od 431 990 K\u010d v\u010d. DPH<\/h3>\n<p>M\u011bs\u00ed\u010dn\u011b od 2 491 K\u010d v\u010d. DPH<\/p>\n<p>[\/et_pb_text][\/et_pb_column][\/et_pb_row][et_pb_row _builder_version=&#8221;4.16&#8243; global_colors_info=&#8221;{}&#8221;][et_pb_column type=&#8221;4_4&#8243; _builder_version=&#8221;4.16&#8243; global_colors_info=&#8221;{}&#8221;][et_pb_tabs module_class=&#8221;cssTable&#8221; _builder_version=&#8221;4.20.0&#8243; tab_font_size=&#8221;14px&#8221; tab_line_height=&#8221;3em&#8221; custom_margin=&#8221;||0px||false|false&#8221; custom_padding=&#8221;||||false|false&#8221; custom_css_main_element=&#8221;}||\t.cssTable td{ ||\t\tpadding:7px; border-bottom:#ddd 1px solid;||\t}||||\t.cssTable tr:nth-child(even){ ||\t\tbackground-color: #f2f2f2;||\t}||\t\/* Define the default color for all the table rows *\/||\t.cssTable tr{||\t\tbackground: #fff;||||\t}||\t\/* Define the hover highlight color for the table row *\/||    .cssTable tr:hover {||          background-color: #ddd;||    &#8221; global_colors_info=&#8221;{}&#8221;][et_pb_tab title=&#8221;Motor&#038;Pohon&#8221; _builder_version=&#8221;4.16&#8243; custom_css_main_element=&#8221;}||\t.cssTable td{ ||\t\tpadding:7px; border-bottom:#ddd 1px solid;||\t}||||\t.cssTable tr:nth-child(even){ ||\t\tbackground-color: #f2f2f2;||\t}||\t\/* Define the default color for all the table rows *\/||\t.cssTable tr{||\t\tbackground: #fff;||||\t}||\t\/* Define the hover highlight color for the table row *\/||    .cssTable tr:hover {||          background-color: #ddd;||    &#8221; global_colors_info=&#8221;{}&#8221;]<\/p>\n<table style=\"width: 100%;\" cellspacing=\"2\">\n<tbody>\n<tr>\n<td width=\"30%\">Motor<\/td>\n<td>\n<h6><span>ProStar 570<\/span><\/h6>\n<\/td>\n<\/tr>\n<tr>\n<td><span>Typ motoru<\/span><\/td>\n<td>\n<h6><span>\u010cty\u0159taktn\u00ed jednov\u00e1lec DOHC<\/span><\/h6>\n<\/td>\n<\/tr>\n<tr>\n<td><span>Objem motoru<\/span><\/td>\n<td>\n<h6><span>567 cm\u00b3<\/span><\/h6>\n<\/td>\n<\/tr>\n<tr>\n<td>Palivov\u00fd syst\u00e9m<\/td>\n<td>\n<h6><span>Elektronick\u00e9 vst\u0159ikov\u00e1n\u00ed paliva (EFI)<\/span><\/h6>\n<\/td>\n<\/tr>\n<tr>\n<td><span>P\u0159evodovka<\/span><\/td>\n<td>\n<h6><span>Automatick\u00e1 PVT<\/span><\/h6>\n<\/td>\n<\/tr>\n<tr>\n<td><span>P\u0159evodov\u00e9 stupn\u011b<\/span><\/td>\n<td>\n<h6><span>H\/L\/N\/R\/P<\/span><\/h6>\n<\/td>\n<\/tr>\n<tr>\n<td><span>Koncov\u00fd pohon<\/span><\/td>\n<td>\n<h6><span>H\u0159\u00eddel<\/span><\/h6>\n<\/td>\n<\/tr>\n<tr>\n<td><span>Typy j\u00edzdn\u00edch re\u017eim\u016f<\/span><\/td>\n<td>\n<h6><span>On-Demand True AWD\/2WD<\/span><\/h6>\n<\/td>\n<\/tr>\n<tr>\n<td><span>Elektronick\u00e9 ovl\u00e1d\u00e1n\u00ed plynu<\/span><\/td>\n<td>\n<h6><span>Ano<\/span><\/h6>\n<\/td>\n<\/tr>\n<tr>\n<td><span>Chlazen\u00ed<\/span><\/td>\n<td>\n<h6>Kapalinou<\/h6>\n<\/td>\n<\/tr>\n<tr>\n<td><span>Zapalov\u00e1n\u00ed<\/span><\/td>\n<td>\n<h6><span>Bosch ECM<\/span><\/h6>\n<\/td>\n<\/tr>\n<\/tbody>\n<\/table>\n<p>[\/et_pb_tab][et_pb_tab title=&#8221;\u0160asi \/ Brzdy \/ Kola&#8221; _builder_version=&#8221;4.20.0&#8243; global_colors_info=&#8221;{}&#8221;]<\/p>\n<table style=\"width: 100%;\" cellspacing=\"2\">\n<tbody>\n<tr>\n<td width=\"30%\"><span>P\u0159edn\u00ed n\u00e1prava<\/span><\/td>\n<td>\n<h6><span>MacPherson<\/span><\/h6>\n<\/td>\n<\/tr>\n<tr>\n<td><span>Zdvih p\u0159edn\u00edho odpru\u017een\u00ed<\/span><\/td>\n<td>\n<h6><span>23 cm<\/span><\/h6>\n<\/td>\n<\/tr>\n<tr>\n<td><span>Zadn\u00ed n\u00e1prava<\/span><\/td>\n<td>\n<h6><span>Dvojit\u00e1 A-ramena, IRS<\/span><\/h6>\n<\/td>\n<\/tr>\n<tr>\n<td><span>Zdvih zadn\u00edho odpru\u017een\u00ed<\/span><\/td>\n<td>\n<h6><span>26.8 cm<\/span><\/h6>\n<\/td>\n<\/tr>\n<tr>\n<td><span>ABS<\/span><\/td>\n<td>\n<h6><span>Ne<\/span><\/h6>\n<\/td>\n<\/tr>\n<tr>\n<td><span>P\u0159edn\u00ed \/ zadn\u00ed brzdy<\/span><\/td>\n<td>\n<h6><span>Hydraulick\u00e9 kotou\u010dov\u00e9 \/ Hydraulick\u00e9 kotou\u010dov\u00e9<\/span><\/h6>\n<\/td>\n<\/tr>\n<tr>\n<td><span>P\u0159edn\u00ed pneumatiky<\/span><\/td>\n<td>\n<h6><span>25 x 8-R12<\/span><\/h6>\n<\/td>\n<\/tr>\n<tr>\n<td><span>Zadn\u00ed pneumatiky<\/span><\/td>\n<td>\n<h6><span>25 x 11-R12<\/span><\/h6>\n<\/td>\n<\/tr>\n<tr>\n<td><span>R\u00e1fky<\/span><\/td>\n<td>\n<h6><span>12&#8243; ocelov\u00e9<\/span><\/h6>\n<\/td>\n<\/tr>\n<\/tbody>\n<\/table>\n<p>[\/et_pb_tab][et_pb_tab title=&#8221;Rozm\u011bry \/ Hmotnost&#8221; _builder_version=&#8221;4.20.0&#8243; global_colors_info=&#8221;{}&#8221;]<\/p>\n<table style=\"width: 100%;\" cellspacing=\"2\">\n<tbody>\n<tr>\n<td width=\"30%\"><span>Celkov\u00e9 rozm\u011bry (Dx\u0160xV)<\/span><\/td>\n<td>\n<h6><span>279.8 x 144.5 x 186.8 cm<\/span><\/h6>\n<\/td>\n<\/tr>\n<tr>\n<td><span>Sv\u011btl\u00e1 v\u00fd\u0161ka<\/span><\/td>\n<td>\n<h6>25.8 cm<\/h6>\n<\/td>\n<\/tr>\n<tr>\n<td><span>Rozvor kol<\/span><\/td>\n<td>\n<h6><span>186 cm<\/span><\/h6>\n<\/td>\n<\/tr>\n<tr>\n<td><span>Nosnost p\u0159edn\u00edho \/ zadn\u00edho nosi\u010de nebo \u00falo\u017ei\u0161t\u011b<\/span><\/td>\n<td>\n<h6><span>0 kg \/ 227 kg<\/span><\/h6>\n<\/td>\n<\/tr>\n<tr>\n<td><span>Ta\u017en\u00e1 s\u00edla<\/span><\/td>\n<td>\n<h6><span>680 kg<\/span><\/h6>\n<\/td>\n<\/tr>\n<tr>\n<td><span>Po\u010det m\u00edst<\/span><\/td>\n<td>\n<h6><span>2<\/span><\/h6>\n<\/td>\n<\/tr>\n<tr>\n<td><span>Objem palivov\u00e9 n\u00e1dr\u017ee<\/span><\/td>\n<td>\n<h6>36 l<\/h6>\n<\/td>\n<\/tr>\n<\/tbody>\n<\/table>\n<p>[\/et_pb_tab][et_pb_tab title=&#8221;Funkce&#8221; _builder_version=&#8221;4.20.0&#8243; global_colors_info=&#8221;{}&#8221;]<\/p>\n<table style=\"width: 100%;\" cellspacing=\"2\">\n<tbody>\n<tr>\n<td><span>Nastaviteln\u00fd volant<\/span><\/td>\n<td>\n<h6>Ano<\/h6>\n<\/td>\n<\/tr>\n<tr>\n<td><span>Posilova\u010d \u0159\u00edzen\u00ed<\/span><\/td>\n<td>\n<h6>Ne<\/h6>\n<\/td>\n<\/tr>\n<tr>\n<td><span>P\u0159edn\u00ed sv\u011btla<\/span><\/td>\n<td>\n<h6><span>Halogen, ECE<\/span><\/h6>\n<\/td>\n<\/tr>\n<tr>\n<td><span>Displej<\/span><\/td>\n<td>\n<h6><span>Single Analog Dial with 2&#8243; (5.1 cm) LCD Rider Info<\/span><\/h6>\n<\/td>\n<\/tr>\n<tr>\n<td><span>Syst\u00e9m br\u017ed\u011bn\u00ed motorem (EBS)<\/span><\/td>\n<td>\n<h6><span>Ne<\/span><\/h6>\n<\/td>\n<\/tr>\n<tr>\n<td><span>Aktivn\u00ed kontrola sjezdu (ADC)<\/span><\/td>\n<td>\n<h6><span>Ne<\/span><\/h6>\n<\/td>\n<\/tr>\n<tr>\n<td><span>Navij\u00e1k<\/span><\/td>\n<td>\n<h6><span>Ne<\/span><\/h6>\n<\/td>\n<\/tr>\n<\/tbody>\n<\/table>\n<p>[\/et_pb_tab][\/et_pb_tabs][et_pb_text _builder_version=&#8221;4.16&#8243; global_colors_info=&#8221;{}&#8221;]<\/p>\n<p>* parametry se mohou li\u0161it v z\u00e1vislosti na homologaci i vstupn\u00ed v\u00fdbavy<\/p>\n<p>[\/et_pb_text][\/et_pb_column][\/et_pb_row][et_pb_row use_custom_gutter=&#8221;on&#8221; gutter_width=&#8221;1&#8243; _builder_version=&#8221;4.16&#8243; custom_padding=&#8221;||||false|false&#8221; global_colors_info=&#8221;{}&#8221;][et_pb_column type=&#8221;4_4&#8243; _builder_version=&#8221;4.16&#8243; global_colors_info=&#8221;{}&#8221;][et_pb_text _builder_version=&#8221;4.16&#8243; global_colors_info=&#8221;{}&#8221;]<\/p>\n<h3>Galerie<\/h3>\n<p>[\/et_pb_text][et_pb_gallery gallery_ids=&#8221;703&#8243; gallery_orderby=&#8221;rand&#8221; posts_number=&#8221;12&#8243; show_title_and_caption=&#8221;off&#8221; show_pagination=&#8221;off&#8221; _builder_version=&#8221;4.16&#8243; custom_margin=&#8221;||||false|false&#8221; custom_padding=&#8221;||||false|false&#8221; border_width_all=&#8221;5px&#8221; border_color_all=&#8221;rgba(0,0,0,0)&#8221; border_radii_image=&#8221;on|10px|10px|10px|10px&#8221; border_width_all_image=&#8221;5px&#8221; border_color_all_image=&#8221;RGBA(0,0,0,0)&#8221; global_colors_info=&#8221;{}&#8221;][\/et_pb_gallery][\/et_pb_column][\/et_pb_row][\/et_pb_section][et_pb_section fb_built=&#8221;1&#8243; _builder_version=&#8221;4.16&#8243; custom_margin=&#8221;0px||||false|false&#8221; custom_padding=&#8221;0px||10px||false|false&#8221; global_colors_info=&#8221;{}&#8221;][et_pb_row column_structure=&#8221;1_2,1_2&#8243; _builder_version=&#8221;4.16&#8243; module_alignment=&#8221;center&#8221; global_colors_info=&#8221;{}&#8221;][et_pb_column type=&#8221;1_2&#8243; _builder_version=&#8221;4.16&#8243; global_colors_info=&#8221;{}&#8221;][et_pb_text _builder_version=&#8221;4.16&#8243; custom_margin=&#8221;||0px||false|false&#8221; custom_padding=&#8221;||0px||false|false&#8221; global_colors_info=&#8221;{}&#8221;]<\/p>\n<h3>M\u00e1te dotaz?<\/h3>\n<p>[\/et_pb_text][et_pb_image src=&#8221;https:\/\/www.polarisotrokovice.cz\/cms\/wp-content\/uploads\/2021\/06\/dotaznik.png&#8221; _builder_version=&#8221;4.16&#8243; max_width=&#8221;80%&#8221; animation_style=&#8221;slide&#8221; global_colors_info=&#8221;{}&#8221;][\/et_pb_image][\/et_pb_column][et_pb_column type=&#8221;1_2&#8243; _builder_version=&#8221;4.16&#8243; global_colors_info=&#8221;{}&#8221;][et_pb_contact_form email=&#8221;polaris@polarisotrokovice.cz&#8221; custom_message=&#8221;Jm\u00e9no a p\u0159\u00edjmen\u00ed: %%Name%%||et_pb_line_break_holder||E-mail: %%Email%%||et_pb_line_break_holder||Zpr\u00e1va: %%Message%%||et_pb_line_break_holder||Souhlas se zpracov\u00e1n\u00edm osobn\u00edch \u00fadaj\u016f: %%Souhlas%%&#8221; success_message=&#8221;D\u011bkujeme za Va\u0161i zpr\u00e1vu, odpov\u00edme V\u00e1m co nejd\u0159\u00edve. Hezk\u00fd den.&#8221; _builder_version=&#8221;4.16&#8243; _unique_id=&#8221;d91688d8-edca-49b4-af04-9edc7c942e87&#8243; form_field_custom_margin=&#8221;||||false|false&#8221; global_colors_info=&#8221;{}&#8221;][et_pb_contact_field field_id=&#8221;Name&#8221; field_title=&#8221;Jm\u00e9no a P\u0159\u00edjmen\u00ed&#8221; _builder_version=&#8221;4.16&#8243; form_field_background_color=&#8221;rgba(0,0,0,0)&#8221; border_width_bottom=&#8221;1px&#8221; border_color_bottom=&#8221;#d6d6d6&#8243; global_colors_info=&#8221;{}&#8221; button_text_size__hover_enabled=&#8221;off&#8221; button_one_text_size__hover_enabled=&#8221;off&#8221; button_two_text_size__hover_enabled=&#8221;off&#8221; button_text_color__hover_enabled=&#8221;off&#8221; button_one_text_color__hover_enabled=&#8221;off&#8221; button_two_text_color__hover_enabled=&#8221;off&#8221; button_border_width__hover_enabled=&#8221;off&#8221; button_one_border_width__hover_enabled=&#8221;off&#8221; button_two_border_width__hover_enabled=&#8221;off&#8221; button_border_color__hover_enabled=&#8221;off&#8221; button_one_border_color__hover_enabled=&#8221;off&#8221; button_two_border_color__hover_enabled=&#8221;off&#8221; button_border_radius__hover_enabled=&#8221;off&#8221; button_one_border_radius__hover_enabled=&#8221;off&#8221; button_two_border_radius__hover_enabled=&#8221;off&#8221; button_letter_spacing__hover_enabled=&#8221;off&#8221; button_one_letter_spacing__hover_enabled=&#8221;off&#8221; button_two_letter_spacing__hover_enabled=&#8221;off&#8221; button_bg_color__hover_enabled=&#8221;off&#8221; button_one_bg_color__hover_enabled=&#8221;off&#8221; button_two_bg_color__hover_enabled=&#8221;off&#8221;][\/et_pb_contact_field][et_pb_contact_field field_id=&#8221;Email&#8221; field_title=&#8221;E-mailov\u00e1 adresa&#8221; field_type=&#8221;email&#8221; _builder_version=&#8221;4.16&#8243; form_field_background_color=&#8221;rgba(0,0,0,0)&#8221; border_width_bottom=&#8221;1px&#8221; border_color_bottom=&#8221;#d6d6d6&#8243; global_colors_info=&#8221;{}&#8221; button_text_size__hover_enabled=&#8221;off&#8221; button_one_text_size__hover_enabled=&#8221;off&#8221; button_two_text_size__hover_enabled=&#8221;off&#8221; button_text_color__hover_enabled=&#8221;off&#8221; button_one_text_color__hover_enabled=&#8221;off&#8221; button_two_text_color__hover_enabled=&#8221;off&#8221; button_border_width__hover_enabled=&#8221;off&#8221; button_one_border_width__hover_enabled=&#8221;off&#8221; button_two_border_width__hover_enabled=&#8221;off&#8221; button_border_color__hover_enabled=&#8221;off&#8221; button_one_border_color__hover_enabled=&#8221;off&#8221; button_two_border_color__hover_enabled=&#8221;off&#8221; button_border_radius__hover_enabled=&#8221;off&#8221; button_one_border_radius__hover_enabled=&#8221;off&#8221; button_two_border_radius__hover_enabled=&#8221;off&#8221; button_letter_spacing__hover_enabled=&#8221;off&#8221; button_one_letter_spacing__hover_enabled=&#8221;off&#8221; button_two_letter_spacing__hover_enabled=&#8221;off&#8221; button_bg_color__hover_enabled=&#8221;off&#8221; button_one_bg_color__hover_enabled=&#8221;off&#8221; button_two_bg_color__hover_enabled=&#8221;off&#8221;][\/et_pb_contact_field][et_pb_contact_field field_id=&#8221;Message&#8221; field_title=&#8221;Zpr\u00e1va&#8221; field_type=&#8221;text&#8221; fullwidth_field=&#8221;on&#8221; _builder_version=&#8221;4.16&#8243; form_field_background_color=&#8221;rgba(0,0,0,0)&#8221; text_orientation=&#8221;left&#8221; border_width_bottom=&#8221;1px&#8221; border_color_bottom=&#8221;#D6D6D6&#8243; global_colors_info=&#8221;{}&#8221; button_text_size__hover_enabled=&#8221;off&#8221; button_one_text_size__hover_enabled=&#8221;off&#8221; button_two_text_size__hover_enabled=&#8221;off&#8221; button_text_color__hover_enabled=&#8221;off&#8221; button_one_text_color__hover_enabled=&#8221;off&#8221; button_two_text_color__hover_enabled=&#8221;off&#8221; button_border_width__hover_enabled=&#8221;off&#8221; button_one_border_width__hover_enabled=&#8221;off&#8221; button_two_border_width__hover_enabled=&#8221;off&#8221; button_border_color__hover_enabled=&#8221;off&#8221; button_one_border_color__hover_enabled=&#8221;off&#8221; button_two_border_color__hover_enabled=&#8221;off&#8221; button_border_radius__hover_enabled=&#8221;off&#8221; button_one_border_radius__hover_enabled=&#8221;off&#8221; button_two_border_radius__hover_enabled=&#8221;off&#8221; button_letter_spacing__hover_enabled=&#8221;off&#8221; button_one_letter_spacing__hover_enabled=&#8221;off&#8221; button_two_letter_spacing__hover_enabled=&#8221;off&#8221; button_bg_color__hover_enabled=&#8221;off&#8221; button_one_bg_color__hover_enabled=&#8221;off&#8221; button_two_bg_color__hover_enabled=&#8221;off&#8221;][\/et_pb_contact_field][et_pb_contact_field field_id=&#8221;Souhlas&#8221; field_title=&#8221; &#8221; field_type=&#8221;checkbox&#8221; checkbox_options=&#8221;%91{%22value%22:%22 Souhlas se zpracov\u00e1n\u00edm osobn\u00edch \u00fadaj\u016f%22,%22checked%22:0,%22dragID%22:-1}%93&#8243; fullwidth_field=&#8221;on&#8221; _builder_version=&#8221;4.16&#8243; global_colors_info=&#8221;{}&#8221;][\/et_pb_contact_field][\/et_pb_contact_form][\/et_pb_column][\/et_pb_row][\/et_pb_section][et_pb_section fb_built=&#8221;1&#8243; _builder_version=&#8221;4.16&#8243; background_color=&#8221;#0f4e93&#8243; custom_margin=&#8221;0px||||false|false&#8221; custom_padding=&#8221;0px||0px||true|false&#8221; global_colors_info=&#8221;{}&#8221;][et_pb_row _builder_version=&#8221;4.16&#8243; global_colors_info=&#8221;{}&#8221;][et_pb_column type=&#8221;4_4&#8243; _builder_version=&#8221;4.16&#8243; global_colors_info=&#8221;{}&#8221;][et_pb_image src=&#8221;https:\/\/www.polaris.autoservisadamik.cz\/subdom\/polaris\/wp-content\/uploads\/2021\/05\/logo-white.png&#8221; title_text=&#8221;logo-white&#8221; align=&#8221;center&#8221; _builder_version=&#8221;4.16&#8243; global_colors_info=&#8221;{}&#8221;][\/et_pb_image][\/et_pb_column][\/et_pb_row][\/et_pb_section]<\/p>\n","protected":false},"excerpt":{"rendered":"<p>RANGER\u00ae 570 SP homologace L7e&nbsp; Sv\u011btl\u00e1 v\u00fd\u0161ka 25.4 cm Motor ProStar 570 Ta\u017en\u00e1 s\u00edla 680 kg Nosnost korby 227 kg Cena od 431 990 K\u010d v\u010d. DPH M\u011bs\u00ed\u010dn\u011b od 2 491 K\u010d v\u010d. DPH Motor ProStar 570 Typ motoru \u010cty\u0159taktn\u00ed jednov\u00e1lec DOHC Objem motoru 567 cm\u00b3 Palivov\u00fd syst\u00e9m Elektronick\u00e9 vst\u0159ikov\u00e1n\u00ed paliva (EFI) P\u0159evodovka Automatick\u00e1 PVT [&hellip;]<\/p>\n","protected":false},"author":1,"featured_media":0,"parent":0,"menu_order":0,"comment_status":"closed","ping_status":"closed","template":"","meta":{"_et_pb_use_builder":"on","_et_pb_old_content":"","_et_gb_content_width":"","_monsterinsights_skip_tracking":false,"_monsterinsights_sitenote_active":false,"_monsterinsights_sitenote_note":"","_monsterinsights_sitenote_category":0,"footnotes":""},"folder":[],"class_list":["post-1230","page","type-page","status-publish","hentry"],"yoast_head":"<!-- This site is optimized with the Yoast SEO plugin v24.9 - https:\/\/yoast.com\/wordpress\/plugins\/seo\/ -->\n<title>Ranger 570 EPS - \u010cty\u0159kolky POLARIS, prodej a servis, n\u00e1hradn\u00ed d\u00edly - Otrokovice<\/title>\n<meta name=\"robots\" content=\"index, follow, max-snippet:-1, max-image-preview:large, max-video-preview:-1\" \/>\n<link rel=\"canonical\" href=\"https:\/\/www.polarisotrokovice.cz\/cms\/ranger-570-eps\/\" \/>\n<meta property=\"og:locale\" content=\"cs_CZ\" \/>\n<meta property=\"og:type\" content=\"article\" \/>\n<meta property=\"og:title\" content=\"Ranger 570 EPS - \u010cty\u0159kolky POLARIS, prodej a servis, n\u00e1hradn\u00ed d\u00edly - Otrokovice\" \/>\n<meta property=\"og:description\" content=\"RANGER\u00ae 570 SP homologace L7e&nbsp; Sv\u011btl\u00e1 v\u00fd\u0161ka 25.4 cm Motor ProStar 570 Ta\u017en\u00e1 s\u00edla 680 kg Nosnost korby 227 kg Cena od 431 990 K\u010d v\u010d. DPH M\u011bs\u00ed\u010dn\u011b od 2 491 K\u010d v\u010d. DPH Motor ProStar 570 Typ motoru \u010cty\u0159taktn\u00ed jednov\u00e1lec DOHC Objem motoru 567 cm\u00b3 Palivov\u00fd syst\u00e9m Elektronick\u00e9 vst\u0159ikov\u00e1n\u00ed paliva (EFI) P\u0159evodovka Automatick\u00e1 PVT [&hellip;]\" \/>\n<meta property=\"og:url\" content=\"https:\/\/www.polarisotrokovice.cz\/cms\/ranger-570-eps\/\" \/>\n<meta property=\"og:site_name\" content=\"\u010cty\u0159kolky POLARIS, prodej a servis, n\u00e1hradn\u00ed d\u00edly - Otrokovice\" \/>\n<meta property=\"article:modified_time\" content=\"2023-07-03T14:00:59+00:00\" \/>\n<meta name=\"twitter:card\" content=\"summary_large_image\" \/>\n<meta name=\"twitter:label1\" content=\"Odhadovan\u00e1 doba \u010dten\u00ed\" \/>\n\t<meta name=\"twitter:data1\" content=\"9 minut\" \/>\n<!-- \/ Yoast SEO plugin. -->","yoast_head_json":{"title":"Ranger 570 EPS - \u010cty\u0159kolky POLARIS, prodej a servis, n\u00e1hradn\u00ed d\u00edly - Otrokovice","robots":{"index":"index","follow":"follow","max-snippet":"max-snippet:-1","max-image-preview":"max-image-preview:large","max-video-preview":"max-video-preview:-1"},"canonical":"https:\/\/www.polarisotrokovice.cz\/cms\/ranger-570-eps\/","og_locale":"cs_CZ","og_type":"article","og_title":"Ranger 570 EPS - \u010cty\u0159kolky POLARIS, prodej a servis, n\u00e1hradn\u00ed d\u00edly - Otrokovice","og_description":"RANGER\u00ae 570 SP homologace L7e&nbsp; Sv\u011btl\u00e1 v\u00fd\u0161ka 25.4 cm Motor ProStar 570 Ta\u017en\u00e1 s\u00edla 680 kg Nosnost korby 227 kg Cena od 431 990 K\u010d v\u010d. DPH M\u011bs\u00ed\u010dn\u011b od 2 491 K\u010d v\u010d. DPH Motor ProStar 570 Typ motoru \u010cty\u0159taktn\u00ed jednov\u00e1lec DOHC Objem motoru 567 cm\u00b3 Palivov\u00fd syst\u00e9m Elektronick\u00e9 vst\u0159ikov\u00e1n\u00ed paliva (EFI) P\u0159evodovka Automatick\u00e1 PVT [&hellip;]","og_url":"https:\/\/www.polarisotrokovice.cz\/cms\/ranger-570-eps\/","og_site_name":"\u010cty\u0159kolky POLARIS, prodej a servis, n\u00e1hradn\u00ed d\u00edly - Otrokovice","article_modified_time":"2023-07-03T14:00:59+00:00","twitter_card":"summary_large_image","twitter_misc":{"Odhadovan\u00e1 doba \u010dten\u00ed":"9 minut"},"schema":{"@context":"https:\/\/schema.org","@graph":[{"@type":"WebPage","@id":"https:\/\/www.polarisotrokovice.cz\/cms\/ranger-570-eps\/","url":"https:\/\/www.polarisotrokovice.cz\/cms\/ranger-570-eps\/","name":"Ranger 570 EPS - \u010cty\u0159kolky POLARIS, prodej a servis, n\u00e1hradn\u00ed d\u00edly - Otrokovice","isPartOf":{"@id":"https:\/\/www.polarisotrokovice.cz\/cms\/#website"},"datePublished":"2021-06-14T13:58:37+00:00","dateModified":"2023-07-03T14:00:59+00:00","breadcrumb":{"@id":"https:\/\/www.polarisotrokovice.cz\/cms\/ranger-570-eps\/#breadcrumb"},"inLanguage":"cs","potentialAction":[{"@type":"ReadAction","target":["https:\/\/www.polarisotrokovice.cz\/cms\/ranger-570-eps\/"]}]},{"@type":"BreadcrumbList","@id":"https:\/\/www.polarisotrokovice.cz\/cms\/ranger-570-eps\/#breadcrumb","itemListElement":[{"@type":"ListItem","position":1,"name":"\u00davodn\u00ed str\u00e1nka","item":"https:\/\/www.polarisotrokovice.cz\/cms\/"},{"@type":"ListItem","position":2,"name":"Ranger 570 EPS"}]},{"@type":"WebSite","@id":"https:\/\/www.polarisotrokovice.cz\/cms\/#website","url":"https:\/\/www.polarisotrokovice.cz\/cms\/","name":"\u010cty\u0159kolky POLARIS, prodej a servis, n\u00e1hradn\u00ed d\u00edly - Otrokovice","description":"Autorizovan\u00fd prodej a servis \u010dty\u0159kolek POLARIS ve Zl\u00ednsk\u00e9m kraji. P\u0159ij\u010fte si vyzkou\u0161et a vybrat tu pravou \u010dty\u0159kolku pro v\u00e1s. ","publisher":{"@id":"https:\/\/www.polarisotrokovice.cz\/cms\/#organization"},"potentialAction":[{"@type":"SearchAction","target":{"@type":"EntryPoint","urlTemplate":"https:\/\/www.polarisotrokovice.cz\/cms\/?s={search_term_string}"},"query-input":{"@type":"PropertyValueSpecification","valueRequired":true,"valueName":"search_term_string"}}],"inLanguage":"cs"},{"@type":"Organization","@id":"https:\/\/www.polarisotrokovice.cz\/cms\/#organization","name":"Polaris Otrokovice","url":"https:\/\/www.polarisotrokovice.cz\/cms\/","logo":{"@type":"ImageObject","inLanguage":"cs","@id":"https:\/\/www.polarisotrokovice.cz\/cms\/#\/schema\/logo\/image\/","url":"https:\/\/www.polarisotrokovice.cz\/cms\/wp-content\/uploads\/2021\/06\/polaris_logo-150x115-1.png","contentUrl":"https:\/\/www.polarisotrokovice.cz\/cms\/wp-content\/uploads\/2021\/06\/polaris_logo-150x115-1.png","width":150,"height":115,"caption":"Polaris Otrokovice"},"image":{"@id":"https:\/\/www.polarisotrokovice.cz\/cms\/#\/schema\/logo\/image\/"}}]}},"_links":{"self":[{"href":"https:\/\/www.polarisotrokovice.cz\/cms\/wp-json\/wp\/v2\/pages\/1230","targetHints":{"allow":["GET"]}}],"collection":[{"href":"https:\/\/www.polarisotrokovice.cz\/cms\/wp-json\/wp\/v2\/pages"}],"about":[{"href":"https:\/\/www.polarisotrokovice.cz\/cms\/wp-json\/wp\/v2\/types\/page"}],"author":[{"embeddable":true,"href":"https:\/\/www.polarisotrokovice.cz\/cms\/wp-json\/wp\/v2\/users\/1"}],"replies":[{"embeddable":true,"href":"https:\/\/www.polarisotrokovice.cz\/cms\/wp-json\/wp\/v2\/comments?post=1230"}],"version-history":[{"count":11,"href":"https:\/\/www.polarisotrokovice.cz\/cms\/wp-json\/wp\/v2\/pages\/1230\/revisions"}],"predecessor-version":[{"id":3656,"href":"https:\/\/www.polarisotrokovice.cz\/cms\/wp-json\/wp\/v2\/pages\/1230\/revisions\/3656"}],"wp:attachment":[{"href":"https:\/\/www.polarisotrokovice.cz\/cms\/wp-json\/wp\/v2\/media?parent=1230"}],"wp:term":[{"taxonomy":"folder","embeddable":true,"href":"https:\/\/www.polarisotrokovice.cz\/cms\/wp-json\/wp\/v2\/folder?post=1230"}],"curies":[{"name":"wp","href":"https:\/\/api.w.org\/{rel}","templated":true}]}}