{"id":2,"date":"2021-05-14T10:58:33","date_gmt":"2021-05-14T08:58:33","guid":{"rendered":"https:\/\/www.polaris.autoservisadamik.cz\/subdom\/polaris\/?page_id=2"},"modified":"2021-05-18T12:11:02","modified_gmt":"2021-05-18T10:11:02","slug":"zkusebni-stranka","status":"publish","type":"page","link":"https:\/\/www.polarisotrokovice.cz\/cms\/zkusebni-stranka\/","title":{"rendered":"Zku\u0161ebn\u00ed str\u00e1nka"},"content":{"rendered":"<p>[et_pb_section fb_built=&#8221;1&#8243; fullwidth=&#8221;on&#8221; _builder_version=&#8221;4.9.4&#8243; _module_preset=&#8221;default&#8221; hover_enabled=&#8221;0&#8243; sticky_enabled=&#8221;0&#8243;][et_pb_fullwidth_slider _builder_version=&#8221;4.9.4&#8243; _module_preset=&#8221;default&#8221; hover_enabled=&#8221;0&#8243; sticky_enabled=&#8221;0&#8243;][et_pb_slide heading=&#8221;Autorizovan\u00fd prodej a servis \u010dty\u0159kolek POLARIS&#8221; _builder_version=&#8221;4.9.4&#8243; _module_preset=&#8221;default&#8221; title_text=&#8221;homepage&#8221; background_image=&#8221;https:\/\/www.polaris.autoservisadamik.cz\/subdom\/polaris\/wp-content\/uploads\/2021\/05\/homepage.jpg&#8221; background_enable_image=&#8221;on&#8221; hover_enabled=&#8221;0&#8243; sticky_enabled=&#8221;0&#8243; use_bg_overlay=&#8221;on&#8221; text_orientation=&#8221;right&#8221;][\/et_pb_slide][et_pb_slide heading=&#8221;Autorizovan\u00fd prodej a servis \u010dty\u0159kolek POLARIS&#8221; _builder_version=&#8221;4.9.4&#8243; _module_preset=&#8221;default&#8221; title_text=&#8221;homepage2&#8243; background_image=&#8221;https:\/\/www.polaris.autoservisadamik.cz\/subdom\/polaris\/wp-content\/uploads\/2021\/05\/homepage2.jpg&#8221; background_enable_image=&#8221;on&#8221; hover_enabled=&#8221;0&#8243; sticky_enabled=&#8221;0&#8243; header_letter_spacing=&#8221;0px&#8221; header_text_align=&#8221;left&#8221; width=&#8221;80%&#8221; custom_padding=&#8221;|0px|10vw|20vw|false|false&#8221; use_bg_overlay=&#8221;on&#8221;][\/et_pb_slide][\/et_pb_fullwidth_slider][\/et_pb_section]<\/p>\n","protected":false},"excerpt":{"rendered":"","protected":false},"author":1,"featured_media":0,"parent":0,"menu_order":0,"comment_status":"closed","ping_status":"open","template":"","meta":{"_et_pb_use_builder":"on","_et_pb_old_content":"<!-- wp:paragraph -->\n<p>Pr\u00e1v\u011b si prohl\u00ed\u017e\u00edte uk\u00e1zkovou str\u00e1nku, kter\u00e1 byla vytvo\u0159ena automaticky b\u011bhem instalace WordPressu. Str\u00e1nky se li\u0161\u00ed od p\u0159\u00edsp\u011bvk\u016f zejm\u00e9na t\u00edm, \u017ee obsahuj\u00ed n\u011bjak\u00fd statick\u00fd text a jsou zobrazov\u00e1ny na st\u00e1le stejn\u00e9m m\u00edst\u011b webu (u v\u011bt\u0161iny \u0161ablon jde o naviga\u010dn\u00ed menu). Lid\u00e9 obvykle nejd\u0159\u00edve vytv\u00e1\u0159ej\u00ed z\u00e1kladn\u00ed informa\u010dn\u00ed str\u00e1nky, kde se p\u0159edstav\u00ed n\u00e1v\u0161t\u011bvn\u00edk\u016fm webu a sezn\u00e1m\u00ed je se sv\u00fdmi z\u00e1m\u011bry. M\u016f\u017ee to b\u00fdt nap\u0159. n\u011bco v n\u00e1sleduj\u00edc\u00edm stylu:<\/p>\n<!-- \/wp:paragraph -->\n\n<!-- wp:quote -->\n<blockquote class=\"wp-block-quote\"><p>Zdrav\u00edm! Jsem Josef a bydl\u00edm v Plzni. Pracuji jako \u0159idi\u010d autobusu a po noc\u00edch bloguji o, alespo\u0148 dle m\u00e9ho, zaj\u00edmav\u00fdch v\u011bcech...<\/p><\/blockquote>\n<!-- \/wp:quote -->\n\n<!-- wp:paragraph -->\n<p>...a nebo n\u011bco takov\u00e9ho:<\/p>\n<!-- \/wp:paragraph -->\n\n<!-- wp:quote -->\n<blockquote class=\"wp-block-quote\"><p>Spole\u010dnost XYZ byla zalo\u017eena v roce 1989 a ji\u017e od po\u010d\u00e1tku nab\u00edz\u00ed sv\u00fdm z\u00e1kazn\u00edk\u016fm vynikaj\u00edc\u00ed v\u00fdrobky pro kedsicosi. XYZ se soust\u0159ed\u00ed p\u0159edev\u0161\u00edm na kvalitu a detail za pou\u017eit\u00ed nejnov\u011bj\u0161\u00edch technologi\u00ed a se zaji\u0161t\u011bn\u00edm vysok\u00e9 \u017eivotnosti. Firma  s\u00eddl\u00ed v Kocourkov\u011b a zam\u011bstn\u00e1v\u00e1 v\u00edce ne\u017e 300 profesion\u00e1l\u016f ve r\u016fzn\u00fdch oblastech.<\/p><\/blockquote>\n<!-- \/wp:quote -->\n\n<!-- wp:paragraph -->\n<p>Pokud s WordPressem pr\u00e1v\u011b za\u010d\u00edn\u00e1te, m\u011bli byste se nejd\u0159\u00edve p\u0159ihl\u00e1sit do <a href=\"https:\/\/www.polaris.autoservisadamik.cz\/subdom\/polaris\/wp-admin\/\">administrace<\/a> a tuto str\u00e1nku smazat (nebo upravit). A nic u\u017e v\u00e1m tak\u00e9 nebr\u00e1n\u00ed vytv\u00e1\u0159et dal\u0161\u00ed obsah webu v podob\u011b nov\u00fdch str\u00e1nek a p\u0159\u00edsp\u011bvk\u016f. Douf\u00e1me, \u017ee budete se spr\u00e1vou webu v redak\u010dn\u00edm syst\u00e9mu WordPress spokojeni!<\/p>\n<!-- \/wp:paragraph -->","_et_gb_content_width":"","_monsterinsights_skip_tracking":false,"_monsterinsights_sitenote_active":false,"_monsterinsights_sitenote_note":"","_monsterinsights_sitenote_category":0,"footnotes":""},"folder":[],"class_list":["post-2","page","type-page","status-publish","hentry"],"yoast_head":"<!-- This site is optimized with the Yoast SEO plugin v24.9 - https:\/\/yoast.com\/wordpress\/plugins\/seo\/ -->\n<title>Zku\u0161ebn\u00ed str\u00e1nka - \u010cty\u0159kolky POLARIS, prodej a servis, n\u00e1hradn\u00ed d\u00edly - Otrokovice<\/title>\n<meta name=\"robots\" content=\"index, follow, max-snippet:-1, max-image-preview:large, max-video-preview:-1\" \/>\n<link rel=\"canonical\" href=\"https:\/\/www.polarisotrokovice.cz\/cms\/zkusebni-stranka\/\" \/>\n<meta property=\"og:locale\" content=\"cs_CZ\" \/>\n<meta property=\"og:type\" content=\"article\" \/>\n<meta property=\"og:title\" content=\"Zku\u0161ebn\u00ed str\u00e1nka - \u010cty\u0159kolky POLARIS, prodej a servis, n\u00e1hradn\u00ed d\u00edly - Otrokovice\" \/>\n<meta property=\"og:url\" content=\"https:\/\/www.polarisotrokovice.cz\/cms\/zkusebni-stranka\/\" \/>\n<meta property=\"og:site_name\" content=\"\u010cty\u0159kolky POLARIS, prodej a servis, n\u00e1hradn\u00ed d\u00edly - Otrokovice\" \/>\n<meta property=\"article:modified_time\" content=\"2021-05-18T10:11:02+00:00\" \/>\n<meta name=\"twitter:card\" content=\"summary_large_image\" \/>\n<meta name=\"twitter:label1\" content=\"Odhadovan\u00e1 doba \u010dten\u00ed\" \/>\n\t<meta name=\"twitter:data1\" content=\"1 minuta\" \/>\n<!-- \/ Yoast SEO plugin. -->","yoast_head_json":{"title":"Zku\u0161ebn\u00ed str\u00e1nka - \u010cty\u0159kolky POLARIS, prodej a servis, n\u00e1hradn\u00ed d\u00edly - Otrokovice","robots":{"index":"index","follow":"follow","max-snippet":"max-snippet:-1","max-image-preview":"max-image-preview:large","max-video-preview":"max-video-preview:-1"},"canonical":"https:\/\/www.polarisotrokovice.cz\/cms\/zkusebni-stranka\/","og_locale":"cs_CZ","og_type":"article","og_title":"Zku\u0161ebn\u00ed str\u00e1nka - \u010cty\u0159kolky POLARIS, prodej a servis, n\u00e1hradn\u00ed d\u00edly - Otrokovice","og_url":"https:\/\/www.polarisotrokovice.cz\/cms\/zkusebni-stranka\/","og_site_name":"\u010cty\u0159kolky POLARIS, prodej a servis, n\u00e1hradn\u00ed d\u00edly - Otrokovice","article_modified_time":"2021-05-18T10:11:02+00:00","twitter_card":"summary_large_image","twitter_misc":{"Odhadovan\u00e1 doba \u010dten\u00ed":"1 minuta"},"schema":{"@context":"https:\/\/schema.org","@graph":[{"@type":"WebPage","@id":"https:\/\/www.polarisotrokovice.cz\/cms\/zkusebni-stranka\/","url":"https:\/\/www.polarisotrokovice.cz\/cms\/zkusebni-stranka\/","name":"Zku\u0161ebn\u00ed str\u00e1nka - \u010cty\u0159kolky POLARIS, prodej a servis, n\u00e1hradn\u00ed d\u00edly - Otrokovice","isPartOf":{"@id":"https:\/\/www.polarisotrokovice.cz\/cms\/#website"},"datePublished":"2021-05-14T08:58:33+00:00","dateModified":"2021-05-18T10:11:02+00:00","breadcrumb":{"@id":"https:\/\/www.polarisotrokovice.cz\/cms\/zkusebni-stranka\/#breadcrumb"},"inLanguage":"cs","potentialAction":[{"@type":"ReadAction","target":["https:\/\/www.polarisotrokovice.cz\/cms\/zkusebni-stranka\/"]}]},{"@type":"BreadcrumbList","@id":"https:\/\/www.polarisotrokovice.cz\/cms\/zkusebni-stranka\/#breadcrumb","itemListElement":[{"@type":"ListItem","position":1,"name":"\u00davodn\u00ed str\u00e1nka","item":"https:\/\/www.polarisotrokovice.cz\/cms\/"},{"@type":"ListItem","position":2,"name":"Zku\u0161ebn\u00ed str\u00e1nka"}]},{"@type":"WebSite","@id":"https:\/\/www.polarisotrokovice.cz\/cms\/#website","url":"https:\/\/www.polarisotrokovice.cz\/cms\/","name":"\u010cty\u0159kolky POLARIS, prodej a servis, n\u00e1hradn\u00ed d\u00edly - Otrokovice","description":"Autorizovan\u00fd prodej a servis \u010dty\u0159kolek POLARIS ve Zl\u00ednsk\u00e9m kraji. P\u0159ij\u010fte si vyzkou\u0161et a vybrat tu pravou \u010dty\u0159kolku pro v\u00e1s. ","publisher":{"@id":"https:\/\/www.polarisotrokovice.cz\/cms\/#organization"},"potentialAction":[{"@type":"SearchAction","target":{"@type":"EntryPoint","urlTemplate":"https:\/\/www.polarisotrokovice.cz\/cms\/?s={search_term_string}"},"query-input":{"@type":"PropertyValueSpecification","valueRequired":true,"valueName":"search_term_string"}}],"inLanguage":"cs"},{"@type":"Organization","@id":"https:\/\/www.polarisotrokovice.cz\/cms\/#organization","name":"Polaris Otrokovice","url":"https:\/\/www.polarisotrokovice.cz\/cms\/","logo":{"@type":"ImageObject","inLanguage":"cs","@id":"https:\/\/www.polarisotrokovice.cz\/cms\/#\/schema\/logo\/image\/","url":"https:\/\/www.polarisotrokovice.cz\/cms\/wp-content\/uploads\/2021\/06\/polaris_logo-150x115-1.png","contentUrl":"https:\/\/www.polarisotrokovice.cz\/cms\/wp-content\/uploads\/2021\/06\/polaris_logo-150x115-1.png","width":150,"height":115,"caption":"Polaris Otrokovice"},"image":{"@id":"https:\/\/www.polarisotrokovice.cz\/cms\/#\/schema\/logo\/image\/"}}]}},"_links":{"self":[{"href":"https:\/\/www.polarisotrokovice.cz\/cms\/wp-json\/wp\/v2\/pages\/2","targetHints":{"allow":["GET"]}}],"collection":[{"href":"https:\/\/www.polarisotrokovice.cz\/cms\/wp-json\/wp\/v2\/pages"}],"about":[{"href":"https:\/\/www.polarisotrokovice.cz\/cms\/wp-json\/wp\/v2\/types\/page"}],"author":[{"embeddable":true,"href":"https:\/\/www.polarisotrokovice.cz\/cms\/wp-json\/wp\/v2\/users\/1"}],"replies":[{"embeddable":true,"href":"https:\/\/www.polarisotrokovice.cz\/cms\/wp-json\/wp\/v2\/comments?post=2"}],"version-history":[{"count":11,"href":"https:\/\/www.polarisotrokovice.cz\/cms\/wp-json\/wp\/v2\/pages\/2\/revisions"}],"predecessor-version":[{"id":98,"href":"https:\/\/www.polarisotrokovice.cz\/cms\/wp-json\/wp\/v2\/pages\/2\/revisions\/98"}],"wp:attachment":[{"href":"https:\/\/www.polarisotrokovice.cz\/cms\/wp-json\/wp\/v2\/media?parent=2"}],"wp:term":[{"taxonomy":"folder","embeddable":true,"href":"https:\/\/www.polarisotrokovice.cz\/cms\/wp-json\/wp\/v2\/folder?post=2"}],"curies":[{"name":"wp","href":"https:\/\/api.w.org\/{rel}","templated":true}]}}